{"id":66170,"date":"2024-07-15T11:41:39","date_gmt":"2024-07-15T09:41:39","guid":{"rendered":"https:\/\/staging.mimsafe.com\/?post_type=product&#038;p=66170"},"modified":"2026-03-24T08:34:39","modified_gmt":"2026-03-24T08:34:39","slug":"cover-plus","status":"publish","type":"product","link":"https:\/\/www.mimsafe.com\/se\/product\/cover-plus\/","title":{"rendered":"Cover Plus"},"content":{"rendered":"","protected":false},"excerpt":{"rendered":"<h4>St\u00f6tf\u00e5ngarskydd<br \/>\nArt.Nr.58002<\/h4>\n<p>Bredd: 95 cm<br \/>\nL\u00e4ngd: 85 cm<\/p>\n<p>Skydda din st\u00f6tf\u00e5ngare fr\u00e5n smuts, vatten och skarpa objekt.<br \/>\nTillverkad av slitstark nylon.<br \/>\nPassar de flesta bilar.<br \/>\nEnkel att montera.<br \/>\n[visa_produkter_med_flera_sku skus=\"58001,58002\"]<\/p>\n","protected":false},"featured_media":66181,"template":"","meta":{"_acf_changed":false},"reservdelskompatibilitet":[],"product_brand":[],"product_cat":[45,42,123],"product_tag":[],"class_list":{"0":"post-66170","1":"product","2":"type-product","3":"status-publish","4":"has-post-thumbnail","6":"product_cat-praktiska-tillbehor","7":"product_cat-tillbehor","8":"product_cat-universal","9":"product_shipping_class-accessories","11":"first","12":"outofstock","13":"taxable","14":"shipping-taxable","15":"purchasable","16":"product-type-simple"},"acf":[],"_links":{"self":[{"href":"https:\/\/www.mimsafe.com\/se\/wp-json\/wp\/v2\/product\/66170","targetHints":{"allow":["GET"]}}],"collection":[{"href":"https:\/\/www.mimsafe.com\/se\/wp-json\/wp\/v2\/product"}],"about":[{"href":"https:\/\/www.mimsafe.com\/se\/wp-json\/wp\/v2\/types\/product"}],"wp:featuredmedia":[{"embeddable":true,"href":"https:\/\/www.mimsafe.com\/se\/wp-json\/wp\/v2\/media\/66181"}],"wp:attachment":[{"href":"https:\/\/www.mimsafe.com\/se\/wp-json\/wp\/v2\/media?parent=66170"}],"wp:term":[{"taxonomy":"reservdelskompatibilitet","embeddable":true,"href":"https:\/\/www.mimsafe.com\/se\/wp-json\/wp\/v2\/reservdelskompatibilitet?post=66170"},{"taxonomy":"product_brand","embeddable":true,"href":"https:\/\/www.mimsafe.com\/se\/wp-json\/wp\/v2\/product_brand?post=66170"},{"taxonomy":"product_cat","embeddable":true,"href":"https:\/\/www.mimsafe.com\/se\/wp-json\/wp\/v2\/product_cat?post=66170"},{"taxonomy":"product_tag","embeddable":true,"href":"https:\/\/www.mimsafe.com\/se\/wp-json\/wp\/v2\/product_tag?post=66170"}],"curies":[{"name":"wp","href":"https:\/\/api.w.org\/{rel}","templated":true}]}}