{"id":66168,"date":"2024-07-15T11:35:44","date_gmt":"2024-07-15T09:35:44","guid":{"rendered":"https:\/\/staging.mimsafe.com\/?post_type=product&#038;p=66168"},"modified":"2026-03-24T08:17:01","modified_gmt":"2026-03-24T08:17:01","slug":"allsafe-harness-tether","status":"publish","type":"product","link":"https:\/\/www.mimsafe.com\/se\/product\/allsafe-harness-tether\/","title":{"rendered":"AllSafe Harness Tether"},"content":{"rendered":"<p>V\u00e5r hundsele \u00e4r T\u00dcV godk\u00e4nd och ger din hund en m\u00e4ngd f\u00f6rdelar. Den \u00e4r bland de s\u00e4kraste selarna p\u00e5 marknaden och monteras enkelt med hj\u00e4lp av bilens s\u00e4kerhetsb\u00e4lte.<\/p>\n<p>Krocktestad enligt ISO 27955:2010.<br \/>\nFungerar i alla bilar.<br \/>\nTill\u00e5ter hunden att sitta och ligga bekv\u00e4mt.<br \/>\nJusterbara remmar.<br \/>\nTillverkad av mjuk stoppning och stark nylon.<br \/>\nUtm\u00e4rk passform och minimal risk f\u00f6r skav.<br \/>\nRostfria metallsp\u00e4nnen.<br \/>\nSydda reflexband.<br \/>\nG\u00e5r att tv\u00e4tta.<\/p>\n","protected":false},"excerpt":{"rendered":"<p><strong>AllSafe Harness Tether<br \/>\nArt.Nr.00198<\/strong><\/p>\n<p>En extra Tether, f\u00e4stdelen till s\u00e4kerhetsb\u00e4ltet som passar alla storlekar av AllSafe Harness.<br \/>\nDetta \u00e4r ett extra tillbeh\u00f6r om man t.ex. enkelt vill kunna flytta hunden mellan tv\u00e5 bilar.<br \/>\n[visa_produkter_med_flera_sku skus=\"00098,00099,00100,00101,00198\"]<\/p>\n","protected":false},"featured_media":66183,"template":"","meta":{"_acf_changed":false},"reservdelskompatibilitet":[],"product_brand":[],"product_cat":[44,42,123],"product_tag":[],"class_list":{"0":"post-66168","1":"product","2":"type-product","3":"status-publish","4":"has-post-thumbnail","6":"product_cat-fardsakerhet-tillbehor","7":"product_cat-tillbehor","8":"product_cat-universal","9":"product_shipping_class-accessories","11":"first","12":"instock","13":"taxable","14":"shipping-taxable","15":"purchasable","16":"product-type-simple"},"acf":[],"_links":{"self":[{"href":"https:\/\/www.mimsafe.com\/se\/wp-json\/wp\/v2\/product\/66168","targetHints":{"allow":["GET"]}}],"collection":[{"href":"https:\/\/www.mimsafe.com\/se\/wp-json\/wp\/v2\/product"}],"about":[{"href":"https:\/\/www.mimsafe.com\/se\/wp-json\/wp\/v2\/types\/product"}],"wp:featuredmedia":[{"embeddable":true,"href":"https:\/\/www.mimsafe.com\/se\/wp-json\/wp\/v2\/media\/66183"}],"wp:attachment":[{"href":"https:\/\/www.mimsafe.com\/se\/wp-json\/wp\/v2\/media?parent=66168"}],"wp:term":[{"taxonomy":"reservdelskompatibilitet","embeddable":true,"href":"https:\/\/www.mimsafe.com\/se\/wp-json\/wp\/v2\/reservdelskompatibilitet?post=66168"},{"taxonomy":"product_brand","embeddable":true,"href":"https:\/\/www.mimsafe.com\/se\/wp-json\/wp\/v2\/product_brand?post=66168"},{"taxonomy":"product_cat","embeddable":true,"href":"https:\/\/www.mimsafe.com\/se\/wp-json\/wp\/v2\/product_cat?post=66168"},{"taxonomy":"product_tag","embeddable":true,"href":"https:\/\/www.mimsafe.com\/se\/wp-json\/wp\/v2\/product_tag?post=66168"}],"curies":[{"name":"wp","href":"https:\/\/api.w.org\/{rel}","templated":true}]}}