{"id":66165,"date":"2024-07-15T11:30:41","date_gmt":"2024-07-15T09:30:41","guid":{"rendered":"https:\/\/staging.mimsafe.com\/?post_type=product&#038;p=66165"},"modified":"2026-03-24T08:18:20","modified_gmt":"2026-03-24T08:18:20","slug":"allsafe-harness-l","status":"publish","type":"product","link":"https:\/\/www.mimsafe.com\/se\/product\/allsafe-harness-l\/","title":{"rendered":"AllSafe Harness L"},"content":{"rendered":"<p>Krocksele \/\/ Promenadsele \/\/ Dragsele \/\/ Sp\u00e5rsele<br \/>\nKrocktestad enligt ISO 27955:2010<br \/>\nKrocktestad vid T\u00dcV S\u00fcd<br \/>\nFungerar i alla bilar<br \/>\nTill\u00e5ter hund att sitta och ligga bekv\u00e4mt<br \/>\nJusterbara remmar<br \/>\nKombination av mjuk stoppning och stark nylon minimerar risken f\u00f6r tryck och skav p\u00e5 hunden.<br \/>\nRostfria metallsp\u00e4nnen<br \/>\nReflexer<br \/>\nTv\u00e4ttbar<\/p>\n","protected":false},"excerpt":{"rendered":"<p><strong>AllSafe Harness L<br \/>\nArt.Nr. 00100<br \/>\n<\/strong><strong>Passar hundar som: Dobermann, German Shepherd, Rottweiler, Labrador, V\u00e4nligen kontrollera storleksanvisningen nedan.<br \/>\n<\/strong><\/p>\n<p>V\u00e5r hundsele \u00e4r T\u00dcV godk\u00e4nd och ger din hund en m\u00e4ngd f\u00f6rdelar. Den \u00e4r bland de s\u00e4kraste selarna p\u00e5 marknaden och monteras enkelt med hj\u00e4lp av bilens s\u00e4kerhetsb\u00e4lte.<\/p>\n<div>\n<p class=\"Frval\">Detta \u00e4r en bra l\u00f6sning f\u00f6r de flesta hund\u00e4gare med bil av sedanmodell. AllSafe harness \u00e4r gjord f\u00f6r att f\u00e4stas i baks\u00e4tets bilb\u00e4ltet. Det rekommenderas att h\u00e5lla din hund i baks\u00e4tet s\u00e5 att den inte distraherar f\u00f6raren.<\/p>\n<\/div>\n[visa_produkter_med_flera_sku skus=\"00098,00099,00100,00101,00198\"]\n","protected":false},"featured_media":66185,"template":"","meta":{"_acf_changed":false},"reservdelskompatibilitet":[],"product_brand":[],"product_cat":[44,42,123],"product_tag":[],"class_list":{"0":"post-66165","1":"product","2":"type-product","3":"status-publish","4":"has-post-thumbnail","6":"product_cat-fardsakerhet-tillbehor","7":"product_cat-tillbehor","8":"product_cat-universal","9":"product_shipping_class-accessories","11":"first","12":"instock","13":"taxable","14":"shipping-taxable","15":"purchasable","16":"product-type-simple"},"acf":[],"_links":{"self":[{"href":"https:\/\/www.mimsafe.com\/se\/wp-json\/wp\/v2\/product\/66165","targetHints":{"allow":["GET"]}}],"collection":[{"href":"https:\/\/www.mimsafe.com\/se\/wp-json\/wp\/v2\/product"}],"about":[{"href":"https:\/\/www.mimsafe.com\/se\/wp-json\/wp\/v2\/types\/product"}],"wp:featuredmedia":[{"embeddable":true,"href":"https:\/\/www.mimsafe.com\/se\/wp-json\/wp\/v2\/media\/66185"}],"wp:attachment":[{"href":"https:\/\/www.mimsafe.com\/se\/wp-json\/wp\/v2\/media?parent=66165"}],"wp:term":[{"taxonomy":"reservdelskompatibilitet","embeddable":true,"href":"https:\/\/www.mimsafe.com\/se\/wp-json\/wp\/v2\/reservdelskompatibilitet?post=66165"},{"taxonomy":"product_brand","embeddable":true,"href":"https:\/\/www.mimsafe.com\/se\/wp-json\/wp\/v2\/product_brand?post=66165"},{"taxonomy":"product_cat","embeddable":true,"href":"https:\/\/www.mimsafe.com\/se\/wp-json\/wp\/v2\/product_cat?post=66165"},{"taxonomy":"product_tag","embeddable":true,"href":"https:\/\/www.mimsafe.com\/se\/wp-json\/wp\/v2\/product_tag?post=66165"}],"curies":[{"name":"wp","href":"https:\/\/api.w.org\/{rel}","templated":true}]}}