{"id":66161,"date":"2024-07-15T10:49:16","date_gmt":"2024-07-15T08:49:16","guid":{"rendered":"https:\/\/staging.mimsafe.com\/?post_type=product&#038;p=66161"},"modified":"2026-04-10T11:01:11","modified_gmt":"2026-04-10T11:01:11","slug":"variopad-classic","status":"publish","type":"product","link":"https:\/\/www.mimsafe.com\/se\/product\/variopad-classic\/","title":{"rendered":"VarioPad Classic"},"content":{"rendered":"<p>Tunn hundb\u00e4dd s\u00e4rskilt l\u00e4mpad f\u00f6r hundburar i bil.<br \/>\nAnpassad till MIMsafe VarioCage alla modeller.<br \/>\nInsydda zoner och vikbar utefter s\u00f6mmarna.<br \/>\nH\u00f6gdensitet dyna ger f\u00f6rb\u00e4ttrad viktf\u00f6rdelning vid vila.<br \/>\nKraftiga s\u00f6mmar som klarar tuffa tag.<br \/>\nSlitt\u00e5ligt material f\u00f6r anv\u00e4ndning en l\u00e5ng tid fram\u00f6ver.<br \/>\nMjukt och sk\u00f6nt att ligga p\u00e5 f\u00f6r m\u00e4nniskans b\u00e4sta v\u00e4n.<br \/>\nTv\u00e4ttbar i maskin 30\u00b0.<\/p>\n","protected":false},"excerpt":{"rendered":"<h4>VarioPad Classic<br \/>\nBurpl\u00e4d<br \/>\nArt.Nr.58003<\/h4>\n<p>Bredd: 64cm<br \/>\nL\u00e4ngd: 100cm<\/p>\n<p>Att ha sin egna mysiga b\u00e4dd med sig \u00f6verallt \u00e4r n\u00e5got som alla hundar gillar. VarioPad fungerar lika bra hemma som p\u00e5 bilturen.<br \/>\n[visa_produkter_med_flera_sku skus=\"58003,58008\"]<\/p>\n","protected":false},"featured_media":66189,"template":"","meta":{"_acf_changed":false},"reservdelskompatibilitet":[],"product_brand":[],"product_cat":[43,42,123],"product_tag":[],"class_list":{"0":"post-66161","1":"product","2":"type-product","3":"status-publish","4":"has-post-thumbnail","6":"product_cat-fardkomfort","7":"product_cat-tillbehor","8":"product_cat-universal","9":"product_shipping_class-accessories","11":"first","12":"outofstock","13":"featured","14":"taxable","15":"shipping-taxable","16":"purchasable","17":"product-type-simple"},"acf":[],"_links":{"self":[{"href":"https:\/\/www.mimsafe.com\/se\/wp-json\/wp\/v2\/product\/66161","targetHints":{"allow":["GET"]}}],"collection":[{"href":"https:\/\/www.mimsafe.com\/se\/wp-json\/wp\/v2\/product"}],"about":[{"href":"https:\/\/www.mimsafe.com\/se\/wp-json\/wp\/v2\/types\/product"}],"wp:featuredmedia":[{"embeddable":true,"href":"https:\/\/www.mimsafe.com\/se\/wp-json\/wp\/v2\/media\/66189"}],"wp:attachment":[{"href":"https:\/\/www.mimsafe.com\/se\/wp-json\/wp\/v2\/media?parent=66161"}],"wp:term":[{"taxonomy":"reservdelskompatibilitet","embeddable":true,"href":"https:\/\/www.mimsafe.com\/se\/wp-json\/wp\/v2\/reservdelskompatibilitet?post=66161"},{"taxonomy":"product_brand","embeddable":true,"href":"https:\/\/www.mimsafe.com\/se\/wp-json\/wp\/v2\/product_brand?post=66161"},{"taxonomy":"product_cat","embeddable":true,"href":"https:\/\/www.mimsafe.com\/se\/wp-json\/wp\/v2\/product_cat?post=66161"},{"taxonomy":"product_tag","embeddable":true,"href":"https:\/\/www.mimsafe.com\/se\/wp-json\/wp\/v2\/product_tag?post=66161"}],"curies":[{"name":"wp","href":"https:\/\/api.w.org\/{rel}","templated":true}]}}