{"id":66159,"date":"2024-07-15T09:36:43","date_gmt":"2024-07-15T07:36:43","guid":{"rendered":"https:\/\/staging.mimsafe.com\/?post_type=product&#038;p=66159"},"modified":"2026-03-24T08:31:30","modified_gmt":"2026-03-24T08:31:30","slug":"waterbowl-corner","status":"publish","type":"product","link":"https:\/\/www.mimsafe.com\/se\/product\/waterbowl-corner\/","title":{"rendered":"WaterBowl Corner"},"content":{"rendered":"<p>Utformad f\u00f6r att passa i h\u00f6rn.<br \/>\nFormgjuten niv\u00e5markering.<br \/>\nLivsmedelsgodk\u00e4nt material.<br \/>\nT\u00e5l maskindisk.<\/p>\n","protected":false},"excerpt":{"rendered":"<h4>WaterBowl Corner<br \/>\nSkvalps\u00e4ker vattensk\u00e5l<br \/>\n<strong>Art.Nr.58005<\/strong><\/h4>\n<p>Rymmer 0,7 liter.<\/p>\n<p>Enkelt att montera och att ta bort f\u00f6re transport.<br \/>\n<strong>VIKTIGT: Av s\u00e4kerhetssk\u00e4l: F\u00f6rvara inte vattensk\u00e5len inuti buren under f\u00e4rd.<\/strong><br \/>\n[visa_produkter_med_flera_sku skus=\"58005,58009\"]<\/p>\n","protected":false},"featured_media":66193,"template":"","meta":{"_acf_changed":false},"reservdelskompatibilitet":[],"product_brand":[],"product_cat":[41,42,123],"product_tag":[],"class_list":{"0":"post-66159","1":"product","2":"type-product","3":"status-publish","4":"has-post-thumbnail","6":"product_cat-mattillbehor","7":"product_cat-tillbehor","8":"product_cat-universal","9":"product_shipping_class-accessories","11":"first","12":"instock","13":"taxable","14":"shipping-taxable","15":"purchasable","16":"product-type-simple"},"acf":[],"_links":{"self":[{"href":"https:\/\/www.mimsafe.com\/se\/wp-json\/wp\/v2\/product\/66159","targetHints":{"allow":["GET"]}}],"collection":[{"href":"https:\/\/www.mimsafe.com\/se\/wp-json\/wp\/v2\/product"}],"about":[{"href":"https:\/\/www.mimsafe.com\/se\/wp-json\/wp\/v2\/types\/product"}],"wp:featuredmedia":[{"embeddable":true,"href":"https:\/\/www.mimsafe.com\/se\/wp-json\/wp\/v2\/media\/66193"}],"wp:attachment":[{"href":"https:\/\/www.mimsafe.com\/se\/wp-json\/wp\/v2\/media?parent=66159"}],"wp:term":[{"taxonomy":"reservdelskompatibilitet","embeddable":true,"href":"https:\/\/www.mimsafe.com\/se\/wp-json\/wp\/v2\/reservdelskompatibilitet?post=66159"},{"taxonomy":"product_brand","embeddable":true,"href":"https:\/\/www.mimsafe.com\/se\/wp-json\/wp\/v2\/product_brand?post=66159"},{"taxonomy":"product_cat","embeddable":true,"href":"https:\/\/www.mimsafe.com\/se\/wp-json\/wp\/v2\/product_cat?post=66159"},{"taxonomy":"product_tag","embeddable":true,"href":"https:\/\/www.mimsafe.com\/se\/wp-json\/wp\/v2\/product_tag?post=66159"}],"curies":[{"name":"wp","href":"https:\/\/api.w.org\/{rel}","templated":true}]}}