{"id":66158,"date":"2024-07-15T09:34:03","date_gmt":"2024-07-15T07:34:03","guid":{"rendered":"https:\/\/staging.mimsafe.com\/?post_type=product&#038;p=66158"},"modified":"2026-03-23T15:23:25","modified_gmt":"2026-03-23T15:23:25","slug":"variodivider-xl","status":"publish","type":"product","link":"https:\/\/www.mimsafe.com\/se\/product\/variodivider-xl\/","title":{"rendered":"VarioDivider XL"},"content":{"rendered":"<p>Denna robusta och justerbara avdelare s\u00e4kerst\u00e4ller att lasten inte r\u00f6r sig lateralt i bagageutrymmet. Den \u00e4r designad f\u00f6r att t\u00e5la belastning och tryck fr\u00e5n sidorna. Vid en kollision komprimeras VarioGate-avdelarna l\u00e4ngs den l\u00e4ngsg\u00e5ende axeln, vilket effektivt neutraliserar de resulterande krafterna. Den finns i tv\u00e5 storlekar som skiljer sig i djup f\u00f6r att passa s\u00e5 m\u00e5nga bilmodeller som m\u00f6jligt.<\/p>\n","protected":false},"excerpt":{"rendered":"<h4>Avdelare som separerar lasten i ditt bagageutrymme.<br \/>\nArt.Nr. 53285<\/h4>\n<p>Bredd: 71 cm<br \/>\nH\u00f6jd: 40-96 cm<br \/>\nDjup: 105-150 cm<\/p>\n<p><strong>VarioGate Divider \u00e4r ett tillbeh\u00f6r f\u00f6r VarioGate och kan INTE anv\u00e4ndas sj\u00e4lvst\u00e4ndigt!<br data-start=\"85\" data-end=\"88\" \/>Observera att denna nya avdelare INTE kan anv\u00e4ndas f\u00f6r den \u00e4ldre generationen av grindar!<\/strong><\/p>\n","protected":false},"featured_media":66195,"template":"","meta":{"_acf_changed":false},"reservdelskompatibilitet":[],"product_brand":[],"product_cat":[37,40],"product_tag":[],"class_list":{"0":"post-66158","1":"product","2":"type-product","3":"status-publish","4":"has-post-thumbnail","6":"product_cat-bagagegrind","7":"product_cat-variodivider","8":"product_shipping_class-dogcages","10":"first","11":"instock","12":"taxable","13":"shipping-taxable","14":"purchasable","15":"product-type-simple"},"acf":[],"_links":{"self":[{"href":"https:\/\/www.mimsafe.com\/se\/wp-json\/wp\/v2\/product\/66158","targetHints":{"allow":["GET"]}}],"collection":[{"href":"https:\/\/www.mimsafe.com\/se\/wp-json\/wp\/v2\/product"}],"about":[{"href":"https:\/\/www.mimsafe.com\/se\/wp-json\/wp\/v2\/types\/product"}],"wp:featuredmedia":[{"embeddable":true,"href":"https:\/\/www.mimsafe.com\/se\/wp-json\/wp\/v2\/media\/66195"}],"wp:attachment":[{"href":"https:\/\/www.mimsafe.com\/se\/wp-json\/wp\/v2\/media?parent=66158"}],"wp:term":[{"taxonomy":"reservdelskompatibilitet","embeddable":true,"href":"https:\/\/www.mimsafe.com\/se\/wp-json\/wp\/v2\/reservdelskompatibilitet?post=66158"},{"taxonomy":"product_brand","embeddable":true,"href":"https:\/\/www.mimsafe.com\/se\/wp-json\/wp\/v2\/product_brand?post=66158"},{"taxonomy":"product_cat","embeddable":true,"href":"https:\/\/www.mimsafe.com\/se\/wp-json\/wp\/v2\/product_cat?post=66158"},{"taxonomy":"product_tag","embeddable":true,"href":"https:\/\/www.mimsafe.com\/se\/wp-json\/wp\/v2\/product_tag?post=66158"}],"curies":[{"name":"wp","href":"https:\/\/api.w.org\/{rel}","templated":true}]}}