{"id":66156,"date":"2024-07-15T09:13:55","date_gmt":"2024-07-15T07:13:55","guid":{"rendered":"https:\/\/staging.mimsafe.com\/?post_type=product&#038;p=66156"},"modified":"2026-03-23T15:25:21","modified_gmt":"2026-03-23T15:25:21","slug":"variogate-extension-wing-r","status":"publish","type":"product","link":"https:\/\/www.mimsafe.com\/se\/product\/variogate-extension-wing-r\/","title":{"rendered":"VarioGate Extension Wing R"},"content":{"rendered":"<p data-start=\"0\" data-end=\"266\">MIMsafe VarioGate Extension Wings \u00e4r designade f\u00f6r att \u00f6ka m\u00e5ngsidigheten och t\u00e4ckningen av VarioGate-systemet. De hj\u00e4lper till att maximera det inneslutna utrymmet i bilens lastutrymme, vilket s\u00e4kerst\u00e4ller en s\u00e4ker och anpassningsbar passform f\u00f6r olika bilmodeller.<\/p>\n<p data-start=\"268\" data-end=\"445\" data-is-last-node=\"\">Ut\u00f6kad T\u00e4ckning \u2013 Expanderar inh\u00e4gnaden f\u00f6r att t\u00e4cka hela bredden p\u00e5 ditt lastutrymme.<br data-start=\"355\" data-end=\"358\" \/>Justerbar Passform \u2013 Kan anpassas f\u00f6r att passa olika bilstorlekar och konfigurationer.<\/p>\n","protected":false},"excerpt":{"rendered":"<h4>H\u00f6ger<br data-start=\"30\" data-end=\"33\" \/>\u00d6ka m\u00e5ngsidigheten och t\u00e4ckningen av VarioGate-systemet.<br \/>\nArt.Nr. 58306<\/h4>\n","protected":false},"featured_media":66197,"template":"","meta":{"_acf_changed":false},"reservdelskompatibilitet":[],"product_brand":[],"product_cat":[37,39],"product_tag":[],"class_list":{"0":"post-66156","1":"product","2":"type-product","3":"status-publish","4":"has-post-thumbnail","6":"product_cat-bagagegrind","7":"product_cat-extension-wing","8":"product_shipping_class-dogcages","10":"first","11":"instock","12":"taxable","13":"shipping-taxable","14":"purchasable","15":"product-type-simple"},"acf":[],"_links":{"self":[{"href":"https:\/\/www.mimsafe.com\/se\/wp-json\/wp\/v2\/product\/66156","targetHints":{"allow":["GET"]}}],"collection":[{"href":"https:\/\/www.mimsafe.com\/se\/wp-json\/wp\/v2\/product"}],"about":[{"href":"https:\/\/www.mimsafe.com\/se\/wp-json\/wp\/v2\/types\/product"}],"wp:featuredmedia":[{"embeddable":true,"href":"https:\/\/www.mimsafe.com\/se\/wp-json\/wp\/v2\/media\/66197"}],"wp:attachment":[{"href":"https:\/\/www.mimsafe.com\/se\/wp-json\/wp\/v2\/media?parent=66156"}],"wp:term":[{"taxonomy":"reservdelskompatibilitet","embeddable":true,"href":"https:\/\/www.mimsafe.com\/se\/wp-json\/wp\/v2\/reservdelskompatibilitet?post=66156"},{"taxonomy":"product_brand","embeddable":true,"href":"https:\/\/www.mimsafe.com\/se\/wp-json\/wp\/v2\/product_brand?post=66156"},{"taxonomy":"product_cat","embeddable":true,"href":"https:\/\/www.mimsafe.com\/se\/wp-json\/wp\/v2\/product_cat?post=66156"},{"taxonomy":"product_tag","embeddable":true,"href":"https:\/\/www.mimsafe.com\/se\/wp-json\/wp\/v2\/product_tag?post=66156"}],"curies":[{"name":"wp","href":"https:\/\/api.w.org\/{rel}","templated":true}]}}