{"id":66154,"date":"2024-07-15T09:05:59","date_gmt":"2024-07-15T07:05:59","guid":{"rendered":"https:\/\/staging.mimsafe.com\/?post_type=product&#038;p=66154"},"modified":"2026-03-23T15:27:14","modified_gmt":"2026-03-23T15:27:14","slug":"variogate-double","status":"publish","type":"product","link":"https:\/\/www.mimsafe.com\/se\/product\/variogate-double\/","title":{"rendered":"VarioGate Double"},"content":{"rendered":"<p>Med en MIMsafe VarioGate Grind \u00e4r det m\u00f6jligt att skapa ett inh\u00e4gnat omr\u00e5de i hela bagageutrymmet som kan anv\u00e4ndas f\u00f6r transport av hundar eller last som du vill h\u00e5lla skyddat. MIMsafe VarioGate \u00e4r justerbar i h\u00f6jd, bredd och djup, vilket g\u00f6r den l\u00e4mplig f\u00f6r de flesta bilar utan tr\u00f6skel i bakdelen.<\/p>\n","protected":false},"excerpt":{"rendered":"<h4>Justerbar grind f\u00f6r bagageutrymme.<br \/>\nArt.Nr.53253<\/h4>\n<p>Bredd: 106 \u2013 128 cm<br \/>\nH\u00f6jd: 55 \u2013 92 cm<br \/>\nDjup: 55 \u2013 150 cm<\/p>\n<p>Med en MIMsafe VarioGate \u00e4r det m\u00f6jligt att skapa ett inh\u00e4gnat omr\u00e5de i hela bagageutrymmet som kan anv\u00e4ndas f\u00f6r transport av hundar eller vad du \u00e4n vill h\u00e5lla skyddat.<\/p>\n","protected":false},"featured_media":66201,"template":"","meta":{"_acf_changed":false},"reservdelskompatibilitet":[],"product_brand":[],"product_cat":[37,38],"product_tag":[],"class_list":{"0":"post-66154","1":"product","2":"type-product","3":"status-publish","4":"has-post-thumbnail","6":"product_cat-bagagegrind","7":"product_cat-variogate","8":"product_shipping_class-dogcages","10":"first","11":"instock","12":"taxable","13":"shipping-taxable","14":"purchasable","15":"product-type-simple"},"acf":[],"_links":{"self":[{"href":"https:\/\/www.mimsafe.com\/se\/wp-json\/wp\/v2\/product\/66154","targetHints":{"allow":["GET"]}}],"collection":[{"href":"https:\/\/www.mimsafe.com\/se\/wp-json\/wp\/v2\/product"}],"about":[{"href":"https:\/\/www.mimsafe.com\/se\/wp-json\/wp\/v2\/types\/product"}],"wp:featuredmedia":[{"embeddable":true,"href":"https:\/\/www.mimsafe.com\/se\/wp-json\/wp\/v2\/media\/66201"}],"wp:attachment":[{"href":"https:\/\/www.mimsafe.com\/se\/wp-json\/wp\/v2\/media?parent=66154"}],"wp:term":[{"taxonomy":"reservdelskompatibilitet","embeddable":true,"href":"https:\/\/www.mimsafe.com\/se\/wp-json\/wp\/v2\/reservdelskompatibilitet?post=66154"},{"taxonomy":"product_brand","embeddable":true,"href":"https:\/\/www.mimsafe.com\/se\/wp-json\/wp\/v2\/product_brand?post=66154"},{"taxonomy":"product_cat","embeddable":true,"href":"https:\/\/www.mimsafe.com\/se\/wp-json\/wp\/v2\/product_cat?post=66154"},{"taxonomy":"product_tag","embeddable":true,"href":"https:\/\/www.mimsafe.com\/se\/wp-json\/wp\/v2\/product_tag?post=66154"}],"curies":[{"name":"wp","href":"https:\/\/api.w.org\/{rel}","templated":true}]}}