{"id":66153,"date":"2024-07-15T09:03:44","date_gmt":"2024-07-15T07:03:44","guid":{"rendered":"https:\/\/staging.mimsafe.com\/?post_type=product&#038;p=66153"},"modified":"2026-03-23T15:28:02","modified_gmt":"2026-03-23T15:28:02","slug":"variogate-single","status":"publish","type":"product","link":"https:\/\/www.mimsafe.com\/se\/product\/variogate-single\/","title":{"rendered":"VarioGate Single"},"content":{"rendered":"<p>Med en MIMsafe VarioGate Tailgate Fence \u00e4r det m\u00f6jligt att skapa ett inh\u00e4gnat omr\u00e5de i hela bagageutrymmet som kan anv\u00e4ndas f\u00f6r transport av hundar eller last som du vill h\u00e5lla skyddat. MIMsafe VarioGate \u00e4r justerbar i h\u00f6jd, bredd och djup, vilket g\u00f6r den l\u00e4mplig f\u00f6r de flesta bilar utan tr\u00f6skel i bakdelen.<\/p>\n","protected":false},"excerpt":{"rendered":"<h4>Justerbar grind f\u00f6r bagageutrymme.<br \/>\nArt.Nr.53153<\/h4>\n<p>Bredd: 53 &#8211; 64 cm<br \/>\nH\u00f6jd: 55 &#8211; 92 cm<br \/>\nDjup: (Beroende av vald VarioDivider)<\/p>\n<p><span style=\"color: #ff0000;\"><strong>Observera! F\u00f6r anv\u00e4ndning av VarioGate Single m\u00e5ste den anv\u00e4ndas i kombination med en av v\u00e5ra VarioDividers, 53275 eller 53285<\/strong><\/span><\/p>\n","protected":false},"featured_media":66203,"template":"","meta":{"_acf_changed":false},"reservdelskompatibilitet":[],"product_brand":[],"product_cat":[37,38],"product_tag":[],"class_list":{"0":"post-66153","1":"product","2":"type-product","3":"status-publish","4":"has-post-thumbnail","6":"product_cat-bagagegrind","7":"product_cat-variogate","8":"product_shipping_class-dogcages","10":"first","11":"instock","12":"taxable","13":"shipping-taxable","14":"purchasable","15":"product-type-simple"},"acf":[],"_links":{"self":[{"href":"https:\/\/www.mimsafe.com\/se\/wp-json\/wp\/v2\/product\/66153","targetHints":{"allow":["GET"]}}],"collection":[{"href":"https:\/\/www.mimsafe.com\/se\/wp-json\/wp\/v2\/product"}],"about":[{"href":"https:\/\/www.mimsafe.com\/se\/wp-json\/wp\/v2\/types\/product"}],"wp:featuredmedia":[{"embeddable":true,"href":"https:\/\/www.mimsafe.com\/se\/wp-json\/wp\/v2\/media\/66203"}],"wp:attachment":[{"href":"https:\/\/www.mimsafe.com\/se\/wp-json\/wp\/v2\/media?parent=66153"}],"wp:term":[{"taxonomy":"reservdelskompatibilitet","embeddable":true,"href":"https:\/\/www.mimsafe.com\/se\/wp-json\/wp\/v2\/reservdelskompatibilitet?post=66153"},{"taxonomy":"product_brand","embeddable":true,"href":"https:\/\/www.mimsafe.com\/se\/wp-json\/wp\/v2\/product_brand?post=66153"},{"taxonomy":"product_cat","embeddable":true,"href":"https:\/\/www.mimsafe.com\/se\/wp-json\/wp\/v2\/product_cat?post=66153"},{"taxonomy":"product_tag","embeddable":true,"href":"https:\/\/www.mimsafe.com\/se\/wp-json\/wp\/v2\/product_tag?post=66153"}],"curies":[{"name":"wp","href":"https:\/\/api.w.org\/{rel}","templated":true}]}}