{"id":66151,"date":"2024-07-15T08:56:37","date_gmt":"2024-07-15T06:56:37","guid":{"rendered":"https:\/\/staging.mimsafe.com\/?post_type=product&#038;p=66151"},"modified":"2026-03-23T15:30:11","modified_gmt":"2026-03-23T15:30:11","slug":"variobarrier-headrest-s","status":"publish","type":"product","link":"https:\/\/www.mimsafe.com\/se\/product\/variobarrier-headrest-s\/","title":{"rendered":"VarioBarrier Headrest S"},"content":{"rendered":"<p data-start=\"0\" data-end=\"130\">Universal lastgaller f\u00f6r bagageutrymmet, enkelt justerbar f\u00f6r att passa din bils form f\u00f6r s\u00e4ker och trygg resa med husdjur eller last.<\/p>\n<p data-start=\"132\" data-end=\"381\" data-is-last-node=\"\">Perforerad topplatta f\u00f6r f\u00f6rb\u00e4ttrad sikt bak\u00e5t. Justerbar bredd f\u00f6r maximal t\u00e4ckning av utrymmet. Lutningsbart och justerbart med f\u00e4ste f\u00f6r en perfekt passform till din bils form. Flexibelt nackst\u00f6dsf\u00e4ste f\u00f6r smidigt passning till bilens nackst\u00f6d.<\/p>\n","protected":false},"excerpt":{"rendered":"<h4>Universal Lastgaller<br \/>\nArt.Nr.52114<\/h4>\n<p>Bredd: 77 \u2013 146.5 cm<br \/>\nH\u00f6jd: 23.5 \u2013 31 cm<\/p>\n","protected":false},"featured_media":66211,"template":"","meta":{"_acf_changed":false},"reservdelskompatibilitet":[],"product_brand":[],"product_cat":[36,34,35],"product_tag":[],"class_list":{"0":"post-66151","1":"product","2":"type-product","3":"status-publish","4":"has-post-thumbnail","6":"product_cat-headrest","7":"product_cat-lastgaller","8":"product_cat-variobarrier","9":"product_shipping_class-dogcages","11":"first","12":"outofstock","13":"featured","14":"taxable","15":"shipping-taxable","16":"purchasable","17":"product-type-simple"},"acf":[],"_links":{"self":[{"href":"https:\/\/www.mimsafe.com\/se\/wp-json\/wp\/v2\/product\/66151","targetHints":{"allow":["GET"]}}],"collection":[{"href":"https:\/\/www.mimsafe.com\/se\/wp-json\/wp\/v2\/product"}],"about":[{"href":"https:\/\/www.mimsafe.com\/se\/wp-json\/wp\/v2\/types\/product"}],"wp:featuredmedia":[{"embeddable":true,"href":"https:\/\/www.mimsafe.com\/se\/wp-json\/wp\/v2\/media\/66211"}],"wp:attachment":[{"href":"https:\/\/www.mimsafe.com\/se\/wp-json\/wp\/v2\/media?parent=66151"}],"wp:term":[{"taxonomy":"reservdelskompatibilitet","embeddable":true,"href":"https:\/\/www.mimsafe.com\/se\/wp-json\/wp\/v2\/reservdelskompatibilitet?post=66151"},{"taxonomy":"product_brand","embeddable":true,"href":"https:\/\/www.mimsafe.com\/se\/wp-json\/wp\/v2\/product_brand?post=66151"},{"taxonomy":"product_cat","embeddable":true,"href":"https:\/\/www.mimsafe.com\/se\/wp-json\/wp\/v2\/product_cat?post=66151"},{"taxonomy":"product_tag","embeddable":true,"href":"https:\/\/www.mimsafe.com\/se\/wp-json\/wp\/v2\/product_tag?post=66151"}],"curies":[{"name":"wp","href":"https:\/\/api.w.org\/{rel}","templated":true}]}}