{"id":66149,"date":"2024-07-15T08:51:26","date_gmt":"2024-07-15T06:51:26","guid":{"rendered":"https:\/\/staging.mimsafe.com\/?post_type=product&#038;p=66149"},"modified":"2026-03-23T15:31:58","modified_gmt":"2026-03-23T15:31:58","slug":"variobarrier-classic-m","status":"publish","type":"product","link":"https:\/\/www.mimsafe.com\/se\/product\/variobarrier-classic-m\/","title":{"rendered":"VarioBarrier Classic M"},"content":{"rendered":"<p>Universalbarri\u00e4r f\u00f6r bagageutrymmet, enkelt justerbar f\u00f6r att passa din bils form f\u00f6r s\u00e4ker och trygg resa med husdjur eller last.<\/p>\n<p>Extra t\u00e4ckplatta f\u00f6r fullst\u00e4ndig t\u00e4ckning. Justerbar bredd f\u00f6r maximal t\u00e4ckning. H\u00f6j- och s\u00e4nkbar f\u00e4stning f\u00f6r perfekt passform. Integrerade krokar f\u00f6r s\u00e4kra lastankare.<\/p>\n","protected":false},"excerpt":{"rendered":"<h4>Universal Lastgaller<br \/>\nArt.Nr.52016<\/h4>\n<p>N\u00e4t<br \/>\nBredd: 80 \u2013 146.5 cm<br \/>\nH\u00f6jd: 36.5 \u2013 41.5 cm<\/p>\n<p>Ben<br \/>\nH\u00f6jd: 43.5 \u2013 72 cm<\/p>\n<p>Total h\u00f6jd: 80 \u2013 113.5 cm<\/p>\n","protected":false},"featured_media":66213,"template":"","meta":{"_acf_changed":false},"reservdelskompatibilitet":[],"product_brand":[],"product_cat":[33,34,35],"product_tag":[],"class_list":{"0":"post-66149","1":"product","2":"type-product","3":"status-publish","4":"has-post-thumbnail","6":"product_cat-classic","7":"product_cat-lastgaller","8":"product_cat-variobarrier","9":"product_shipping_class-dogcages","11":"first","12":"instock","13":"taxable","14":"shipping-taxable","15":"purchasable","16":"product-type-simple"},"acf":[],"_links":{"self":[{"href":"https:\/\/www.mimsafe.com\/se\/wp-json\/wp\/v2\/product\/66149","targetHints":{"allow":["GET"]}}],"collection":[{"href":"https:\/\/www.mimsafe.com\/se\/wp-json\/wp\/v2\/product"}],"about":[{"href":"https:\/\/www.mimsafe.com\/se\/wp-json\/wp\/v2\/types\/product"}],"wp:featuredmedia":[{"embeddable":true,"href":"https:\/\/www.mimsafe.com\/se\/wp-json\/wp\/v2\/media\/66213"}],"wp:attachment":[{"href":"https:\/\/www.mimsafe.com\/se\/wp-json\/wp\/v2\/media?parent=66149"}],"wp:term":[{"taxonomy":"reservdelskompatibilitet","embeddable":true,"href":"https:\/\/www.mimsafe.com\/se\/wp-json\/wp\/v2\/reservdelskompatibilitet?post=66149"},{"taxonomy":"product_brand","embeddable":true,"href":"https:\/\/www.mimsafe.com\/se\/wp-json\/wp\/v2\/product_brand?post=66149"},{"taxonomy":"product_cat","embeddable":true,"href":"https:\/\/www.mimsafe.com\/se\/wp-json\/wp\/v2\/product_cat?post=66149"},{"taxonomy":"product_tag","embeddable":true,"href":"https:\/\/www.mimsafe.com\/se\/wp-json\/wp\/v2\/product_tag?post=66149"}],"curies":[{"name":"wp","href":"https:\/\/api.w.org\/{rel}","templated":true}]}}