{"id":66144,"date":"2024-07-12T15:02:58","date_gmt":"2024-07-12T13:02:58","guid":{"rendered":"https:\/\/staging.mimsafe.com\/?post_type=product&#038;p=66144"},"modified":"2026-03-05T09:36:12","modified_gmt":"2026-03-05T09:36:12","slug":"multicage-side-by-side-m","status":"publish","type":"product","link":"https:\/\/www.mimsafe.com\/se\/product\/multicage-side-by-side-m\/","title":{"rendered":"MultiCage Side by side M"},"content":{"rendered":"<p>NOT: Om fyra MultiCage skall monteras samman (2\u00d72) r\u00e4cker det med en sats OnTop och tv\u00e5 satser SideBySide f\u00f6rankringsverktyg.<\/p>\n","protected":false},"excerpt":{"rendered":"<h4> F\u00f6rankringsverktyg f\u00f6r MultiCage Medium<br \/>\nArt.Nr.58102<\/h4>\n<p>Levereras i en sats om tv\u00e5 f\u00f6rankringsverktyg och kan anv\u00e4ndas f\u00f6r att f\u00e4sta tv\u00e5 MultiCage av samma modell och storlek bredvid varandra. V\u00e4lj r\u00e4tt storlek f\u00f6r medium eller large\/extra large.<\/p>\n","protected":false},"featured_media":66219,"template":"","meta":{"_acf_changed":false},"reservdelskompatibilitet":[],"product_brand":[],"product_cat":[21,29,32],"product_tag":[],"class_list":{"0":"post-66144","1":"product","2":"type-product","3":"status-publish","4":"has-post-thumbnail","6":"product_cat-hundbur","7":"product_cat-hundbur-for-yrkestransport","8":"product_cat-tillbehor-for-multicage","9":"product_shipping_class-accessories","11":"first","12":"instock","13":"taxable","14":"shipping-taxable","15":"purchasable","16":"product-type-simple"},"acf":[],"_links":{"self":[{"href":"https:\/\/www.mimsafe.com\/se\/wp-json\/wp\/v2\/product\/66144","targetHints":{"allow":["GET"]}}],"collection":[{"href":"https:\/\/www.mimsafe.com\/se\/wp-json\/wp\/v2\/product"}],"about":[{"href":"https:\/\/www.mimsafe.com\/se\/wp-json\/wp\/v2\/types\/product"}],"wp:featuredmedia":[{"embeddable":true,"href":"https:\/\/www.mimsafe.com\/se\/wp-json\/wp\/v2\/media\/66219"}],"wp:attachment":[{"href":"https:\/\/www.mimsafe.com\/se\/wp-json\/wp\/v2\/media?parent=66144"}],"wp:term":[{"taxonomy":"reservdelskompatibilitet","embeddable":true,"href":"https:\/\/www.mimsafe.com\/se\/wp-json\/wp\/v2\/reservdelskompatibilitet?post=66144"},{"taxonomy":"product_brand","embeddable":true,"href":"https:\/\/www.mimsafe.com\/se\/wp-json\/wp\/v2\/product_brand?post=66144"},{"taxonomy":"product_cat","embeddable":true,"href":"https:\/\/www.mimsafe.com\/se\/wp-json\/wp\/v2\/product_cat?post=66144"},{"taxonomy":"product_tag","embeddable":true,"href":"https:\/\/www.mimsafe.com\/se\/wp-json\/wp\/v2\/product_tag?post=66144"}],"curies":[{"name":"wp","href":"https:\/\/api.w.org\/{rel}","templated":true}]}}