{"id":66142,"date":"2024-07-12T14:48:13","date_gmt":"2024-07-12T12:48:13","guid":{"rendered":"https:\/\/staging.mimsafe.com\/?post_type=product&#038;p=66142"},"modified":"2026-03-24T08:22:49","modified_gmt":"2026-03-24T08:22:49","slug":"multicage-double-l","status":"publish","type":"product","link":"https:\/\/www.mimsafe.com\/se\/product\/multicage-double-l\/","title":{"rendered":"MultiCage Double L"},"content":{"rendered":"<p>Observera att denna modell m\u00e5ste f\u00e4stas i varje h\u00f6rn med de medf\u00f6ljande sp\u00e4nnbanden. Viktigt att det finns last\u00f6glor i bilen.<\/p>\n","protected":false},"excerpt":{"rendered":"<h4>Professionell Transportbur<br \/>\nArt.Nr.56260<\/h4>\n<p>Bredd: 75 cm<br \/>\nH\u00f6jd: 61 cm<br \/>\nL\u00e4ngd: 120 cm<br \/>\nVikt: 43.5 kg<\/p>\n<p>MultiCage Double levereras med tv\u00e5 d\u00f6rrar och en mellanv\u00e4gg. Mellanv\u00e4ggen kan f\u00f6rskjutas f\u00f6r att skapa olika stora utrymme, den kan \u00e4ven demonteras f\u00f6r st\u00f6rsta utrymmet.<\/p>\n","protected":false},"featured_media":66140,"template":"","meta":{"_acf_changed":false},"reservdelskompatibilitet":[],"product_brand":[],"product_cat":[21,29,31],"product_tag":[],"class_list":{"0":"post-66142","1":"product","2":"type-product","3":"status-publish","4":"has-post-thumbnail","6":"product_cat-hundbur","7":"product_cat-hundbur-for-yrkestransport","8":"product_cat-multicage-double","9":"product_shipping_class-heavycagescarrier","11":"first","12":"instock","13":"taxable","14":"shipping-taxable","15":"purchasable","16":"product-type-simple"},"acf":[],"_links":{"self":[{"href":"https:\/\/www.mimsafe.com\/se\/wp-json\/wp\/v2\/product\/66142","targetHints":{"allow":["GET"]}}],"collection":[{"href":"https:\/\/www.mimsafe.com\/se\/wp-json\/wp\/v2\/product"}],"about":[{"href":"https:\/\/www.mimsafe.com\/se\/wp-json\/wp\/v2\/types\/product"}],"wp:featuredmedia":[{"embeddable":true,"href":"https:\/\/www.mimsafe.com\/se\/wp-json\/wp\/v2\/media\/66140"}],"wp:attachment":[{"href":"https:\/\/www.mimsafe.com\/se\/wp-json\/wp\/v2\/media?parent=66142"}],"wp:term":[{"taxonomy":"reservdelskompatibilitet","embeddable":true,"href":"https:\/\/www.mimsafe.com\/se\/wp-json\/wp\/v2\/reservdelskompatibilitet?post=66142"},{"taxonomy":"product_brand","embeddable":true,"href":"https:\/\/www.mimsafe.com\/se\/wp-json\/wp\/v2\/product_brand?post=66142"},{"taxonomy":"product_cat","embeddable":true,"href":"https:\/\/www.mimsafe.com\/se\/wp-json\/wp\/v2\/product_cat?post=66142"},{"taxonomy":"product_tag","embeddable":true,"href":"https:\/\/www.mimsafe.com\/se\/wp-json\/wp\/v2\/product_tag?post=66142"}],"curies":[{"name":"wp","href":"https:\/\/api.w.org\/{rel}","templated":true}]}}