{"id":66134,"date":"2024-07-12T14:41:07","date_gmt":"2024-07-12T12:41:07","guid":{"rendered":"https:\/\/staging.mimsafe.com\/?post_type=product&#038;p=66134"},"modified":"2026-03-24T08:25:43","modified_gmt":"2026-03-24T08:25:43","slug":"multicage-single-m","status":"publish","type":"product","link":"https:\/\/www.mimsafe.com\/se\/product\/multicage-single-m\/","title":{"rendered":"MultiCage Single M"},"content":{"rendered":"<p>Vill du ha m\u00f6jlighet att n\u00e5 din v\u00e4n fr\u00e5n b\u00e5da h\u00e5ll \u00e4r dubbelburen ett klokt val, d\u00e4r du ocks\u00e5 har m\u00f6jlighet att dela upp utrymmet i tv\u00e5 med en mellanv\u00e4gg. Mer flexibelt kan det inte bli!<\/p>\n<p>Observera att denna modell m\u00e5ste f\u00e4stas i varje h\u00f6rn med de medf\u00f6ljande sp\u00e4nnbanden. Viktigt att det finns last\u00f6glor i bilen.<\/p>\n","protected":false},"excerpt":{"rendered":"<h4>Professionell Transportbur<br \/>\nArt.Nr.56154<\/h4>\n<p>Bredd: 68 cm<br \/>\nH\u00f6jd: 54 cm<br \/>\nL\u00e4ngd: 79 cm<br \/>\nVikt: 26 kg<\/p>\n<p>MultiCage single levereras med en d\u00f6rr och ett fast bakstycke.<\/p>\n","protected":false},"featured_media":66135,"template":"","meta":{"_acf_changed":false},"reservdelskompatibilitet":[],"product_brand":[],"product_cat":[21,29,30],"product_tag":[],"class_list":{"0":"post-66134","1":"product","2":"type-product","3":"status-publish","4":"has-post-thumbnail","6":"product_cat-hundbur","7":"product_cat-hundbur-for-yrkestransport","8":"product_cat-multicage-single","9":"product_shipping_class-dogcages","11":"first","12":"instock","13":"taxable","14":"shipping-taxable","15":"purchasable","16":"product-type-simple"},"acf":[],"_links":{"self":[{"href":"https:\/\/www.mimsafe.com\/se\/wp-json\/wp\/v2\/product\/66134","targetHints":{"allow":["GET"]}}],"collection":[{"href":"https:\/\/www.mimsafe.com\/se\/wp-json\/wp\/v2\/product"}],"about":[{"href":"https:\/\/www.mimsafe.com\/se\/wp-json\/wp\/v2\/types\/product"}],"wp:featuredmedia":[{"embeddable":true,"href":"https:\/\/www.mimsafe.com\/se\/wp-json\/wp\/v2\/media\/66135"}],"wp:attachment":[{"href":"https:\/\/www.mimsafe.com\/se\/wp-json\/wp\/v2\/media?parent=66134"}],"wp:term":[{"taxonomy":"reservdelskompatibilitet","embeddable":true,"href":"https:\/\/www.mimsafe.com\/se\/wp-json\/wp\/v2\/reservdelskompatibilitet?post=66134"},{"taxonomy":"product_brand","embeddable":true,"href":"https:\/\/www.mimsafe.com\/se\/wp-json\/wp\/v2\/product_brand?post=66134"},{"taxonomy":"product_cat","embeddable":true,"href":"https:\/\/www.mimsafe.com\/se\/wp-json\/wp\/v2\/product_cat?post=66134"},{"taxonomy":"product_tag","embeddable":true,"href":"https:\/\/www.mimsafe.com\/se\/wp-json\/wp\/v2\/product_tag?post=66134"}],"curies":[{"name":"wp","href":"https:\/\/api.w.org\/{rel}","templated":true}]}}