{"id":66128,"date":"2024-07-12T14:26:53","date_gmt":"2024-07-12T12:26:53","guid":{"rendered":"https:\/\/staging.mimsafe.com\/?post_type=product&#038;p=66128"},"modified":"2026-03-24T08:15:36","modified_gmt":"2026-03-24T08:15:36","slug":"care2-yellow-m","status":"publish","type":"product","link":"https:\/\/www.mimsafe.com\/se\/product\/care2-yellow-m\/","title":{"rendered":"Care2 Yellow M"},"content":{"rendered":"<p>En s\u00e4ker och mycket praktisk portabel hundbur som erbjuder en trygg plats f\u00f6r dem som st\u00e5r dig riktigt n\u00e4ra. Med sin unika form och design f\u00e5r du ett genomt\u00e4nkt krockskydd i alla riktningar om olyckan trots allt skulle vara framme. Med sina fasta b\u00e4ltespunkter monteras buren enkelt med hj\u00e4lp av s\u00e4kerhetsb\u00e4ltet. Care\u00b2 passar lika bra fram som i baks\u00e4tet.<\/p>\n","protected":false},"excerpt":{"rendered":"<h4>Care2 Yellow M \u00e4r perfekt f\u00f6r sm\u00e5 hundar upp till 30 cm i mankh\u00f6jd och max 5kg.<br \/>\nArt.nr. 55121<\/h4>\n<p>Bredd: 37 cm<br \/>\nH\u00f6jd: 40 cm<br \/>\nL\u00e4ngd: 48 cm<br \/>\nVikt: 4.6 kg<\/p>\n","protected":false},"featured_media":66264,"template":"","meta":{"_acf_changed":false},"reservdelskompatibilitet":[],"product_brand":[],"product_cat":[28,21,123],"product_tag":[],"class_list":{"0":"post-66128","1":"product","2":"type-product","3":"status-publish","4":"has-post-thumbnail","6":"product_cat-handhallen-transportor","7":"product_cat-hundbur","8":"product_cat-universal","9":"product_shipping_class-dogcages","11":"first","12":"outofstock","13":"featured","14":"taxable","15":"shipping-taxable","16":"purchasable","17":"product-type-simple"},"acf":[],"_links":{"self":[{"href":"https:\/\/www.mimsafe.com\/se\/wp-json\/wp\/v2\/product\/66128","targetHints":{"allow":["GET"]}}],"collection":[{"href":"https:\/\/www.mimsafe.com\/se\/wp-json\/wp\/v2\/product"}],"about":[{"href":"https:\/\/www.mimsafe.com\/se\/wp-json\/wp\/v2\/types\/product"}],"wp:featuredmedia":[{"embeddable":true,"href":"https:\/\/www.mimsafe.com\/se\/wp-json\/wp\/v2\/media\/66264"}],"wp:attachment":[{"href":"https:\/\/www.mimsafe.com\/se\/wp-json\/wp\/v2\/media?parent=66128"}],"wp:term":[{"taxonomy":"reservdelskompatibilitet","embeddable":true,"href":"https:\/\/www.mimsafe.com\/se\/wp-json\/wp\/v2\/reservdelskompatibilitet?post=66128"},{"taxonomy":"product_brand","embeddable":true,"href":"https:\/\/www.mimsafe.com\/se\/wp-json\/wp\/v2\/product_brand?post=66128"},{"taxonomy":"product_cat","embeddable":true,"href":"https:\/\/www.mimsafe.com\/se\/wp-json\/wp\/v2\/product_cat?post=66128"},{"taxonomy":"product_tag","embeddable":true,"href":"https:\/\/www.mimsafe.com\/se\/wp-json\/wp\/v2\/product_tag?post=66128"}],"curies":[{"name":"wp","href":"https:\/\/api.w.org\/{rel}","templated":true}]}}