{"id":66126,"date":"2024-07-12T12:33:26","date_gmt":"2024-07-12T10:33:26","guid":{"rendered":"https:\/\/staging.mimsafe.com\/?post_type=product&#038;p=66126"},"modified":"2026-03-20T11:55:00","modified_gmt":"2026-03-20T11:55:00","slug":"variocage-minimax-l","status":"publish","type":"product","link":"https:\/\/www.mimsafe.com\/se\/product\/variocage-minimax-l\/","title":{"rendered":"VarioCage minimax L"},"content":{"rendered":"<p>Enkel hundbur som rymmer en liten hund. Denna bur \u00e4r l\u00e4tt att justera i djupet f\u00f6r att passa din bils bagageutrymme, vilket s\u00e4kerst\u00e4ller att det fortfarande finns plats f\u00f6r bagage. Den teleskopiska konstruktionen \u00e4r densamma som f\u00f6r alla VarioCage-modeller, vilket inneb\u00e4r att den ger samma skydd som resten av sortimentet.<\/p>\n","protected":false},"excerpt":{"rendered":"<h4>L\u00e4mplig f\u00f6r hundraser upp till 38 cm i mankh\u00f6jd.<br \/>\nArt.No.00390<\/h4>\n<p>Bredd: 45 cm<br \/>\nH\u00f6jd: 45.5 cm<br \/>\nL\u00e4ngd: 57-77 cm<br \/>\nVikt: 9 kg<\/p>\n<p>VarioCage Minimax XL \u00e4r designad f\u00f6r att transportera en liten hund.<\/p>\n","protected":false},"featured_media":66223,"template":"","meta":{"_acf_changed":false},"reservdelskompatibilitet":[],"product_brand":[],"product_cat":[21,22,27],"product_tag":[],"class_list":{"0":"post-66126","1":"product","2":"type-product","3":"status-publish","4":"has-post-thumbnail","6":"product_cat-hundbur","7":"product_cat-hundbur-for-personbil","8":"product_cat-variocage-minimax","9":"product_shipping_class-dogcages","11":"first","12":"instock","13":"featured","14":"taxable","15":"shipping-taxable","16":"purchasable","17":"product-type-simple"},"acf":[],"_links":{"self":[{"href":"https:\/\/www.mimsafe.com\/se\/wp-json\/wp\/v2\/product\/66126","targetHints":{"allow":["GET"]}}],"collection":[{"href":"https:\/\/www.mimsafe.com\/se\/wp-json\/wp\/v2\/product"}],"about":[{"href":"https:\/\/www.mimsafe.com\/se\/wp-json\/wp\/v2\/types\/product"}],"wp:featuredmedia":[{"embeddable":true,"href":"https:\/\/www.mimsafe.com\/se\/wp-json\/wp\/v2\/media\/66223"}],"wp:attachment":[{"href":"https:\/\/www.mimsafe.com\/se\/wp-json\/wp\/v2\/media?parent=66126"}],"wp:term":[{"taxonomy":"reservdelskompatibilitet","embeddable":true,"href":"https:\/\/www.mimsafe.com\/se\/wp-json\/wp\/v2\/reservdelskompatibilitet?post=66126"},{"taxonomy":"product_brand","embeddable":true,"href":"https:\/\/www.mimsafe.com\/se\/wp-json\/wp\/v2\/product_brand?post=66126"},{"taxonomy":"product_cat","embeddable":true,"href":"https:\/\/www.mimsafe.com\/se\/wp-json\/wp\/v2\/product_cat?post=66126"},{"taxonomy":"product_tag","embeddable":true,"href":"https:\/\/www.mimsafe.com\/se\/wp-json\/wp\/v2\/product_tag?post=66126"}],"curies":[{"name":"wp","href":"https:\/\/api.w.org\/{rel}","templated":true}]}}