{"id":66125,"date":"2024-07-12T12:31:27","date_gmt":"2024-07-12T10:31:27","guid":{"rendered":"https:\/\/staging.mimsafe.com\/?post_type=product&#038;p=66125"},"modified":"2026-03-20T12:46:29","modified_gmt":"2026-03-20T12:46:29","slug":"variocage-compact-xl","status":"publish","type":"product","link":"https:\/\/www.mimsafe.com\/se\/product\/variocage-compact-xl\/","title":{"rendered":"VarioCage compact XL"},"content":{"rendered":"<p>Med n\u00e5gra enkla steg justeras djupet f\u00f6r att passa just din bil. Tack vare att d\u00f6rren \u00e4r upph\u00f6jd \u00f6ppnas den ovanf\u00f6r bagageutrymmets tr\u00f6skel.<\/p>\n","protected":false},"excerpt":{"rendered":"<h4>Det s\u00e4kraste valet f\u00f6r hatchback-bilar.<br data-start=\"62\" data-end=\"65\" \/>L\u00e4mplig f\u00f6r hundraser upp till 58 cm i mankh\u00f6jd.<br \/>\nArt.Nr.00368<\/h4>\n<p>Bredd: 70 cm<br \/>\nH\u00f6jd: 65 cm<br \/>\nL\u00e4ngd: 60-82 cm<br \/>\nVikt: 14 kg<\/p>\n<p>VarioCage Compact XL \u00e4r designad f\u00f6r att transportera en eller tv\u00e5 hundar av medelstorlek.<\/p>\n","protected":false},"featured_media":66225,"template":"","meta":{"_acf_changed":false},"reservdelskompatibilitet":[],"product_brand":[],"product_cat":[21,22,26],"product_tag":[],"class_list":{"0":"post-66125","1":"product","2":"type-product","3":"status-publish","4":"has-post-thumbnail","6":"product_cat-hundbur","7":"product_cat-hundbur-for-personbil","8":"product_cat-variocage-compact","9":"product_shipping_class-dogcages","11":"first","12":"instock","13":"featured","14":"taxable","15":"shipping-taxable","16":"purchasable","17":"product-type-simple"},"acf":[],"_links":{"self":[{"href":"https:\/\/www.mimsafe.com\/se\/wp-json\/wp\/v2\/product\/66125","targetHints":{"allow":["GET"]}}],"collection":[{"href":"https:\/\/www.mimsafe.com\/se\/wp-json\/wp\/v2\/product"}],"about":[{"href":"https:\/\/www.mimsafe.com\/se\/wp-json\/wp\/v2\/types\/product"}],"wp:featuredmedia":[{"embeddable":true,"href":"https:\/\/www.mimsafe.com\/se\/wp-json\/wp\/v2\/media\/66225"}],"wp:attachment":[{"href":"https:\/\/www.mimsafe.com\/se\/wp-json\/wp\/v2\/media?parent=66125"}],"wp:term":[{"taxonomy":"reservdelskompatibilitet","embeddable":true,"href":"https:\/\/www.mimsafe.com\/se\/wp-json\/wp\/v2\/reservdelskompatibilitet?post=66125"},{"taxonomy":"product_brand","embeddable":true,"href":"https:\/\/www.mimsafe.com\/se\/wp-json\/wp\/v2\/product_brand?post=66125"},{"taxonomy":"product_cat","embeddable":true,"href":"https:\/\/www.mimsafe.com\/se\/wp-json\/wp\/v2\/product_cat?post=66125"},{"taxonomy":"product_tag","embeddable":true,"href":"https:\/\/www.mimsafe.com\/se\/wp-json\/wp\/v2\/product_tag?post=66125"}],"curies":[{"name":"wp","href":"https:\/\/api.w.org\/{rel}","templated":true}]}}