{"id":66124,"date":"2024-07-12T12:29:46","date_gmt":"2024-07-12T10:29:46","guid":{"rendered":"https:\/\/staging.mimsafe.com\/?post_type=product&#038;p=66124"},"modified":"2026-03-20T12:45:51","modified_gmt":"2026-03-20T12:45:51","slug":"variocage-compact-l","status":"publish","type":"product","link":"https:\/\/www.mimsafe.com\/se\/product\/variocage-compact-l\/","title":{"rendered":"VarioCage compact L"},"content":{"rendered":"<p>Med n\u00e5gra enkla steg justeras djupet f\u00f6r att passa just din bil. Tack vare att d\u00f6rren \u00e4r upph\u00f6jd \u00f6ppnas den ovanf\u00f6r bagageutrymmets tr\u00f6skel.<\/p>\n","protected":false},"excerpt":{"rendered":"<h4>VarioCage Compact L<br data-start=\"19\" data-end=\"22\" \/>Det s\u00e4kraste valet f\u00f6r hatchback-bilar.<br data-start=\"61\" data-end=\"64\" \/>L\u00e4mplig f\u00f6r hundraser upp till 58 cm i mankh\u00f6jd.<br \/>\nArt.Nr.00367<\/h4>\n<p>Bredd: 55.5 cm<br \/>\nH\u00f6jd: 65 cm<br \/>\nL\u00e4ngd: 60-82 cm<br \/>\nVikt: 12 kg<\/p>\n<p>VarioCage Compact L \u00e4r designad f\u00f6r att transportera en hund av medelstorlek.<\/p>\n","protected":false},"featured_media":66227,"template":"","meta":{"_acf_changed":false},"reservdelskompatibilitet":[],"product_brand":[],"product_cat":[21,22,26],"product_tag":[],"class_list":{"0":"post-66124","1":"product","2":"type-product","3":"status-publish","4":"has-post-thumbnail","6":"product_cat-hundbur","7":"product_cat-hundbur-for-personbil","8":"product_cat-variocage-compact","9":"product_shipping_class-dogcages","11":"first","12":"instock","13":"featured","14":"taxable","15":"shipping-taxable","16":"purchasable","17":"product-type-simple"},"acf":[],"_links":{"self":[{"href":"https:\/\/www.mimsafe.com\/se\/wp-json\/wp\/v2\/product\/66124","targetHints":{"allow":["GET"]}}],"collection":[{"href":"https:\/\/www.mimsafe.com\/se\/wp-json\/wp\/v2\/product"}],"about":[{"href":"https:\/\/www.mimsafe.com\/se\/wp-json\/wp\/v2\/types\/product"}],"wp:featuredmedia":[{"embeddable":true,"href":"https:\/\/www.mimsafe.com\/se\/wp-json\/wp\/v2\/media\/66227"}],"wp:attachment":[{"href":"https:\/\/www.mimsafe.com\/se\/wp-json\/wp\/v2\/media?parent=66124"}],"wp:term":[{"taxonomy":"reservdelskompatibilitet","embeddable":true,"href":"https:\/\/www.mimsafe.com\/se\/wp-json\/wp\/v2\/reservdelskompatibilitet?post=66124"},{"taxonomy":"product_brand","embeddable":true,"href":"https:\/\/www.mimsafe.com\/se\/wp-json\/wp\/v2\/product_brand?post=66124"},{"taxonomy":"product_cat","embeddable":true,"href":"https:\/\/www.mimsafe.com\/se\/wp-json\/wp\/v2\/product_cat?post=66124"},{"taxonomy":"product_tag","embeddable":true,"href":"https:\/\/www.mimsafe.com\/se\/wp-json\/wp\/v2\/product_tag?post=66124"}],"curies":[{"name":"wp","href":"https:\/\/api.w.org\/{rel}","templated":true}]}}