{"id":66123,"date":"2024-07-12T12:27:06","date_gmt":"2024-07-12T10:27:06","guid":{"rendered":"https:\/\/staging.mimsafe.com\/?post_type=product&#038;p=66123"},"modified":"2026-03-20T12:37:24","modified_gmt":"2026-03-20T12:37:24","slug":"variocage-double-maximum","status":"publish","type":"product","link":"https:\/\/www.mimsafe.com\/se\/product\/variocage-double-maximum\/","title":{"rendered":"VarioCage double MAXIMUM"},"content":{"rendered":"<p>Tv\u00e5 hundar kan sitta \u00e5tskilda utan att n\u00e5 varandra. Om en av hundarna beh\u00f6ver mer utrymme \u00e4n den andra kan avdelaren justeras i sidled. Avdelaren kan ocks\u00e5 tas bort f\u00f6r att ge en stor hund hela utrymmet.<\/p>\n","protected":false},"excerpt":{"rendered":"<h4>En mycket praktisk dubbelbur f\u00f6r hundar.<br data-start=\"67\" data-end=\"70\" \/>L\u00e4mplig f\u00f6r hundraser upp till 77 cm i mankh\u00f6jd.<br \/>\nArt.Nr.00369<\/h4>\n<p>Bredd: 106 cm<br \/>\nH\u00f6jd: 84.5 cm<br \/>\nL\u00e4ngd: 92-116 cm<br \/>\nVikt: 51 kg<\/p>\n<p>VarioCage Double MAXIMUM \u00e4r designad f\u00f6r att transportera tv\u00e5 stora hundar.<\/p>\n","protected":false},"featured_media":66230,"template":"","meta":{"_acf_changed":false},"reservdelskompatibilitet":[],"product_brand":[],"product_cat":[21,22,25],"product_tag":[],"class_list":{"0":"post-66123","1":"product","2":"type-product","3":"status-publish","4":"has-post-thumbnail","6":"product_cat-hundbur","7":"product_cat-hundbur-for-personbil","8":"product_cat-variocage-double","9":"product_shipping_class-heavycagescarrier","11":"first","12":"instock","13":"taxable","14":"shipping-taxable","15":"purchasable","16":"product-type-simple"},"acf":[],"_links":{"self":[{"href":"https:\/\/www.mimsafe.com\/se\/wp-json\/wp\/v2\/product\/66123","targetHints":{"allow":["GET"]}}],"collection":[{"href":"https:\/\/www.mimsafe.com\/se\/wp-json\/wp\/v2\/product"}],"about":[{"href":"https:\/\/www.mimsafe.com\/se\/wp-json\/wp\/v2\/types\/product"}],"wp:featuredmedia":[{"embeddable":true,"href":"https:\/\/www.mimsafe.com\/se\/wp-json\/wp\/v2\/media\/66230"}],"wp:attachment":[{"href":"https:\/\/www.mimsafe.com\/se\/wp-json\/wp\/v2\/media?parent=66123"}],"wp:term":[{"taxonomy":"reservdelskompatibilitet","embeddable":true,"href":"https:\/\/www.mimsafe.com\/se\/wp-json\/wp\/v2\/reservdelskompatibilitet?post=66123"},{"taxonomy":"product_brand","embeddable":true,"href":"https:\/\/www.mimsafe.com\/se\/wp-json\/wp\/v2\/product_brand?post=66123"},{"taxonomy":"product_cat","embeddable":true,"href":"https:\/\/www.mimsafe.com\/se\/wp-json\/wp\/v2\/product_cat?post=66123"},{"taxonomy":"product_tag","embeddable":true,"href":"https:\/\/www.mimsafe.com\/se\/wp-json\/wp\/v2\/product_tag?post=66123"}],"curies":[{"name":"wp","href":"https:\/\/api.w.org\/{rel}","templated":true}]}}