{"id":66120,"date":"2024-07-12T12:20:05","date_gmt":"2024-07-12T10:20:05","guid":{"rendered":"https:\/\/staging.mimsafe.com\/?post_type=product&#038;p=66120"},"modified":"2026-03-20T12:42:06","modified_gmt":"2026-03-20T12:42:06","slug":"variocage-double-xl","status":"publish","type":"product","link":"https:\/\/www.mimsafe.com\/se\/product\/variocage-double-xl\/","title":{"rendered":"VarioCage double XL"},"content":{"rendered":"<p>Tv\u00e5 hundar kan sitta \u00e5tskilda utan att n\u00e5 varandra. Om en av hundarna beh\u00f6ver mer utrymme \u00e4n den andra kan avdelaren justeras i sidled. Avdelaren kan ocks\u00e5 tas bort f\u00f6r att ge en stor hund hela utrymmet.<\/p>\n","protected":false},"excerpt":{"rendered":"<h4>En mycket praktisk dubbelbur f\u00f6r hundar.<br data-start=\"67\" data-end=\"70\" \/>L\u00e4mplig f\u00f6r hundraser upp till 64 cm i mankh\u00f6jd.<br \/>\nArt.Nr.00364<\/h4>\n<p>Bredd: 99 cm<br \/>\nH\u00f6jd: 71.5 cm<br \/>\nL\u00e4ngd: 81-103 cm<br \/>\nVikt: 35 kg<\/p>\n<p>VarioCage Double XL \u00e4r designad f\u00f6r att transportera tv\u00e5 stora hundar.<\/p>\n","protected":false},"featured_media":66234,"template":"","meta":{"_acf_changed":false},"reservdelskompatibilitet":[],"product_brand":[],"product_cat":[21,22,25],"product_tag":[],"class_list":{"0":"post-66120","1":"product","2":"type-product","3":"status-publish","4":"has-post-thumbnail","6":"product_cat-hundbur","7":"product_cat-hundbur-for-personbil","8":"product_cat-variocage-double","9":"product_shipping_class-dogcages","11":"first","12":"instock","13":"featured","14":"taxable","15":"shipping-taxable","16":"purchasable","17":"product-type-simple"},"acf":[],"_links":{"self":[{"href":"https:\/\/www.mimsafe.com\/se\/wp-json\/wp\/v2\/product\/66120","targetHints":{"allow":["GET"]}}],"collection":[{"href":"https:\/\/www.mimsafe.com\/se\/wp-json\/wp\/v2\/product"}],"about":[{"href":"https:\/\/www.mimsafe.com\/se\/wp-json\/wp\/v2\/types\/product"}],"wp:featuredmedia":[{"embeddable":true,"href":"https:\/\/www.mimsafe.com\/se\/wp-json\/wp\/v2\/media\/66234"}],"wp:attachment":[{"href":"https:\/\/www.mimsafe.com\/se\/wp-json\/wp\/v2\/media?parent=66120"}],"wp:term":[{"taxonomy":"reservdelskompatibilitet","embeddable":true,"href":"https:\/\/www.mimsafe.com\/se\/wp-json\/wp\/v2\/reservdelskompatibilitet?post=66120"},{"taxonomy":"product_brand","embeddable":true,"href":"https:\/\/www.mimsafe.com\/se\/wp-json\/wp\/v2\/product_brand?post=66120"},{"taxonomy":"product_cat","embeddable":true,"href":"https:\/\/www.mimsafe.com\/se\/wp-json\/wp\/v2\/product_cat?post=66120"},{"taxonomy":"product_tag","embeddable":true,"href":"https:\/\/www.mimsafe.com\/se\/wp-json\/wp\/v2\/product_tag?post=66120"}],"curies":[{"name":"wp","href":"https:\/\/api.w.org\/{rel}","templated":true}]}}