{"id":66113,"date":"2024-07-12T11:53:19","date_gmt":"2024-07-12T09:53:19","guid":{"rendered":"https:\/\/staging.mimsafe.com\/?post_type=product&#038;p=66113"},"modified":"2026-03-20T12:01:47","modified_gmt":"2026-03-20T12:01:47","slug":"variocage-single-xxlplus","status":"publish","type":"product","link":"https:\/\/www.mimsafe.com\/se\/product\/variocage-single-xxlplus\/","title":{"rendered":"VarioCage single XXL+"},"content":{"rendered":"<p>MIMsafe VarioCage Single \u00e4r designad f\u00f6r att passa en hund. Denna bur \u00e4r enkelt justerbar i djupet f\u00f6r att passa din bils bagageutrymme, samtidigt som det fortfarande finns plats f\u00f6r bagage.<\/p>\n","protected":false},"excerpt":{"rendered":"<h4>En mycket praktisk hundbur.<br data-start=\"54\" data-end=\"57\" \/>L\u00e4mplig f\u00f6r hundraser upp till 71 cm i mankh\u00f6jd.<br \/>\nArt.Nr.00378<\/h4>\n<p>Bredd: 70 cm<br \/>\nH\u00f6jd: 78 cm<br \/>\nL\u00e4ngd: 82-106 cm<br \/>\nVikt: 25.5 kg<\/p>\n<p>VarioCage Single XXL+ \u00e4r designad f\u00f6r att transportera en stor hund.<\/p>\n","protected":false},"featured_media":66244,"template":"","meta":{"_acf_changed":false},"reservdelskompatibilitet":[],"product_brand":[],"product_cat":[21,22,24],"product_tag":[],"class_list":{"0":"post-66113","1":"product","2":"type-product","3":"status-publish","4":"has-post-thumbnail","6":"product_cat-hundbur","7":"product_cat-hundbur-for-personbil","8":"product_cat-variocage-single","9":"product_shipping_class-dogcages","11":"first","12":"instock","13":"taxable","14":"shipping-taxable","15":"purchasable","16":"product-type-simple"},"acf":[],"_links":{"self":[{"href":"https:\/\/www.mimsafe.com\/se\/wp-json\/wp\/v2\/product\/66113","targetHints":{"allow":["GET"]}}],"collection":[{"href":"https:\/\/www.mimsafe.com\/se\/wp-json\/wp\/v2\/product"}],"about":[{"href":"https:\/\/www.mimsafe.com\/se\/wp-json\/wp\/v2\/types\/product"}],"wp:featuredmedia":[{"embeddable":true,"href":"https:\/\/www.mimsafe.com\/se\/wp-json\/wp\/v2\/media\/66244"}],"wp:attachment":[{"href":"https:\/\/www.mimsafe.com\/se\/wp-json\/wp\/v2\/media?parent=66113"}],"wp:term":[{"taxonomy":"reservdelskompatibilitet","embeddable":true,"href":"https:\/\/www.mimsafe.com\/se\/wp-json\/wp\/v2\/reservdelskompatibilitet?post=66113"},{"taxonomy":"product_brand","embeddable":true,"href":"https:\/\/www.mimsafe.com\/se\/wp-json\/wp\/v2\/product_brand?post=66113"},{"taxonomy":"product_cat","embeddable":true,"href":"https:\/\/www.mimsafe.com\/se\/wp-json\/wp\/v2\/product_cat?post=66113"},{"taxonomy":"product_tag","embeddable":true,"href":"https:\/\/www.mimsafe.com\/se\/wp-json\/wp\/v2\/product_tag?post=66113"}],"curies":[{"name":"wp","href":"https:\/\/api.w.org\/{rel}","templated":true}]}}