{"id":66112,"date":"2024-07-12T11:48:24","date_gmt":"2024-07-12T09:48:24","guid":{"rendered":"https:\/\/staging.mimsafe.com\/?post_type=product&#038;p=66112"},"modified":"2026-03-20T12:01:18","modified_gmt":"2026-03-20T12:01:18","slug":"variocage-single-xl","status":"publish","type":"product","link":"https:\/\/www.mimsafe.com\/se\/product\/variocage-single-xl\/","title":{"rendered":"VarioCage single XL"},"content":{"rendered":"<p>MIMsafe VarioCage Single \u00e4r designad f\u00f6r att passa en hund. Denna bur \u00e4r enkelt justerbar i djupet f\u00f6r att passa din bils bagageutrymme, samtidigt som det fortfarande finns plats f\u00f6r bagage.<\/p>\n","protected":false},"excerpt":{"rendered":"<h4>En mycket praktisk hundbur.<br data-start=\"54\" data-end=\"57\" \/>L\u00e4mplig f\u00f6r hundraser upp till 64 cm i mankh\u00f6jd.<br \/>\nArt.Nr.00380<\/h4>\n<p>Bredd: 70 cm<br \/>\nH\u00f6jd: 71.5 cm<br \/>\nL\u00e4ngd: 81-103 cm<br \/>\nVikt: 22.5 kg<\/p>\n<p>VarioCage Single XL \u00e4r designad f\u00f6r att transportera en stor hund.<\/p>\n","protected":false},"featured_media":66246,"template":"","meta":{"_acf_changed":false},"reservdelskompatibilitet":[],"product_brand":[],"product_cat":[21,22,24],"product_tag":[],"class_list":{"0":"post-66112","1":"product","2":"type-product","3":"status-publish","4":"has-post-thumbnail","6":"product_cat-hundbur","7":"product_cat-hundbur-for-personbil","8":"product_cat-variocage-single","9":"product_shipping_class-dogcages","11":"first","12":"instock","13":"featured","14":"taxable","15":"shipping-taxable","16":"purchasable","17":"product-type-simple"},"acf":[],"_links":{"self":[{"href":"https:\/\/www.mimsafe.com\/se\/wp-json\/wp\/v2\/product\/66112","targetHints":{"allow":["GET"]}}],"collection":[{"href":"https:\/\/www.mimsafe.com\/se\/wp-json\/wp\/v2\/product"}],"about":[{"href":"https:\/\/www.mimsafe.com\/se\/wp-json\/wp\/v2\/types\/product"}],"wp:featuredmedia":[{"embeddable":true,"href":"https:\/\/www.mimsafe.com\/se\/wp-json\/wp\/v2\/media\/66246"}],"wp:attachment":[{"href":"https:\/\/www.mimsafe.com\/se\/wp-json\/wp\/v2\/media?parent=66112"}],"wp:term":[{"taxonomy":"reservdelskompatibilitet","embeddable":true,"href":"https:\/\/www.mimsafe.com\/se\/wp-json\/wp\/v2\/reservdelskompatibilitet?post=66112"},{"taxonomy":"product_brand","embeddable":true,"href":"https:\/\/www.mimsafe.com\/se\/wp-json\/wp\/v2\/product_brand?post=66112"},{"taxonomy":"product_cat","embeddable":true,"href":"https:\/\/www.mimsafe.com\/se\/wp-json\/wp\/v2\/product_cat?post=66112"},{"taxonomy":"product_tag","embeddable":true,"href":"https:\/\/www.mimsafe.com\/se\/wp-json\/wp\/v2\/product_tag?post=66112"}],"curies":[{"name":"wp","href":"https:\/\/api.w.org\/{rel}","templated":true}]}}