{"id":55336,"date":"2022-04-14T10:34:49","date_gmt":"2022-04-14T08:34:49","guid":{"rendered":"https:\/\/staging.mimsafe.com\/?post_type=product&#038;p=55336"},"modified":"2026-03-24T08:09:55","modified_gmt":"2026-03-24T08:09:55","slug":"carrier-bagagebox-71100","status":"publish","type":"product","link":"https:\/\/www.mimsafe.com\/se\/product\/carrier-bagagebox-71100\/","title":{"rendered":"Bagagebox &#8211; Krocks\u00e4ker Bagagebox"},"content":{"rendered":"<p>Aldrig tidigare har en takboxtillverkare tagit krocks\u00e4kerhet p\u00e5 lika stort allvar som vi. Denna premiumbox stannar kvar p\u00e5 taket \u00e4ven vid h\u00f6gre krockhastigheter och ditt paket \u00e4r i s\u00e4ker f\u00f6rvaring tack vare de extremt starka last\u00f6glorna som ing\u00e5r i v\u00e5rt unika TEAS-s\u00e4kerhetssystem. S\u00e5 s\u00e4tt dig i bilen med gott samvete och vet att du undviker att skada andra vid en olycka.<\/p>\n","protected":false},"excerpt":{"rendered":"<h4>Bagagebox &#8211; Krocks\u00e4ker Bagagebox<br \/>\nArt.Nr.71100<\/h4>\n<p>Bredd: 98 cm<br \/>\nH\u00f6jd: 33 cm<br \/>\nL\u00e4ngd: 160 cm<br \/>\nVolym: 280 liters<br \/>\nVikt: 23 kg<\/p>\n","protected":false},"featured_media":66254,"template":"","meta":{"_acf_changed":false},"reservdelskompatibilitet":[],"product_brand":[],"product_cat":[18,123],"product_tag":[],"class_list":{"0":"post-55336","1":"product","2":"type-product","3":"status-publish","4":"has-post-thumbnail","6":"product_cat-takbox","7":"product_cat-universal","8":"product_shipping_class-heavycagescarrier","10":"first","11":"instock","12":"featured","13":"taxable","14":"shipping-taxable","15":"purchasable","16":"product-type-simple"},"acf":[],"_links":{"self":[{"href":"https:\/\/www.mimsafe.com\/se\/wp-json\/wp\/v2\/product\/55336","targetHints":{"allow":["GET"]}}],"collection":[{"href":"https:\/\/www.mimsafe.com\/se\/wp-json\/wp\/v2\/product"}],"about":[{"href":"https:\/\/www.mimsafe.com\/se\/wp-json\/wp\/v2\/types\/product"}],"wp:featuredmedia":[{"embeddable":true,"href":"https:\/\/www.mimsafe.com\/se\/wp-json\/wp\/v2\/media\/66254"}],"wp:attachment":[{"href":"https:\/\/www.mimsafe.com\/se\/wp-json\/wp\/v2\/media?parent=55336"}],"wp:term":[{"taxonomy":"reservdelskompatibilitet","embeddable":true,"href":"https:\/\/www.mimsafe.com\/se\/wp-json\/wp\/v2\/reservdelskompatibilitet?post=55336"},{"taxonomy":"product_brand","embeddable":true,"href":"https:\/\/www.mimsafe.com\/se\/wp-json\/wp\/v2\/product_brand?post=55336"},{"taxonomy":"product_cat","embeddable":true,"href":"https:\/\/www.mimsafe.com\/se\/wp-json\/wp\/v2\/product_cat?post=55336"},{"taxonomy":"product_tag","embeddable":true,"href":"https:\/\/www.mimsafe.com\/se\/wp-json\/wp\/v2\/product_tag?post=55336"}],"curies":[{"name":"wp","href":"https:\/\/api.w.org\/{rel}","templated":true}]}}