{"id":1562,"date":"2019-08-01T14:32:43","date_gmt":"2019-08-01T12:32:43","guid":{"rendered":"https:\/\/staging.mimsafe.com\/?post_type=product&#038;p=1562"},"modified":"2026-03-24T08:30:08","modified_gmt":"2026-03-24T08:30:08","slug":"siliconemat","status":"publish","type":"product","link":"https:\/\/www.mimsafe.com\/se\/product\/siliconemat\/","title":{"rendered":"SiliconeMat"},"content":{"rendered":"<p>Skyddar golvet<br \/>\nTillverkad av slitt\u00e5lig silikon<br \/>\nMjuk, flexibel och l\u00e4tt att reng\u00f6ra<br \/>\nT\u00e5l temperaturer upp till 200 grader<br \/>\nKan enkelt klippas till f\u00f6r att passa din bur<br \/>\nL\u00e4ngd: 850 mm och bredd: 500 mm<br \/>\nEtt tips f\u00f6r b\u00e4sta resultat \u00e4r att reng\u00f6ra buren med en v\u00e5t trasa f\u00f6re anv\u00e4ndning!<br \/>\nTill v\u00e5ra dubbelburar rekommenderar vi tv\u00e5 silikonmattor!<\/p>\n","protected":false},"excerpt":{"rendered":"<h4>SiliconeMat<br \/>\nSilikonmatta<br \/>\nArt.Nr.58007<\/h4>\n<p>Bredd: 50 cm<br \/>\nL\u00e4ngd: 85 cm<\/p>\n<p>Vi rekommenderar att du kompletterar din bur med en matta i silikon f\u00f6r att ge din hund en sk\u00f6nare upplevelse under resan eller varf\u00f6r inte som underl\u00e4gg till matsk\u00e5larna i k\u00f6ket f\u00f6r din allra b\u00e4sta v\u00e4n.<\/p>\n","protected":false},"featured_media":66258,"template":"","meta":{"_acf_changed":false},"reservdelskompatibilitet":[],"product_brand":[],"product_cat":[45,42,123],"product_tag":[],"class_list":{"0":"post-1562","1":"product","2":"type-product","3":"status-publish","4":"has-post-thumbnail","6":"product_cat-praktiska-tillbehor","7":"product_cat-tillbehor","8":"product_cat-universal","9":"product_shipping_class-accessories","11":"first","12":"instock","13":"featured","14":"taxable","15":"shipping-taxable","16":"purchasable","17":"product-type-simple"},"acf":[],"_links":{"self":[{"href":"https:\/\/www.mimsafe.com\/se\/wp-json\/wp\/v2\/product\/1562","targetHints":{"allow":["GET"]}}],"collection":[{"href":"https:\/\/www.mimsafe.com\/se\/wp-json\/wp\/v2\/product"}],"about":[{"href":"https:\/\/www.mimsafe.com\/se\/wp-json\/wp\/v2\/types\/product"}],"wp:featuredmedia":[{"embeddable":true,"href":"https:\/\/www.mimsafe.com\/se\/wp-json\/wp\/v2\/media\/66258"}],"wp:attachment":[{"href":"https:\/\/www.mimsafe.com\/se\/wp-json\/wp\/v2\/media?parent=1562"}],"wp:term":[{"taxonomy":"reservdelskompatibilitet","embeddable":true,"href":"https:\/\/www.mimsafe.com\/se\/wp-json\/wp\/v2\/reservdelskompatibilitet?post=1562"},{"taxonomy":"product_brand","embeddable":true,"href":"https:\/\/www.mimsafe.com\/se\/wp-json\/wp\/v2\/product_brand?post=1562"},{"taxonomy":"product_cat","embeddable":true,"href":"https:\/\/www.mimsafe.com\/se\/wp-json\/wp\/v2\/product_cat?post=1562"},{"taxonomy":"product_tag","embeddable":true,"href":"https:\/\/www.mimsafe.com\/se\/wp-json\/wp\/v2\/product_tag?post=1562"}],"curies":[{"name":"wp","href":"https:\/\/api.w.org\/{rel}","templated":true}]}}