{"id":1531,"date":"2022-03-30T13:53:16","date_gmt":"2022-03-30T11:53:16","guid":{"rendered":"https:\/\/staging.mimsafe.com\/?post_type=product&#038;p=1531"},"modified":"2026-03-24T08:29:19","modified_gmt":"2026-03-24T08:29:19","slug":"airinghook","status":"publish","type":"product","link":"https:\/\/www.mimsafe.com\/se\/product\/airinghook\/","title":{"rendered":"AiringHook"},"content":{"rendered":"<p>Fungerar med de flesta bilar.<br \/>\nEnkel att montera och demontera.<\/p>\n","protected":false},"excerpt":{"rendered":"<h4>AiringHook<br \/>\nV\u00e4dringskrok<br \/>\nArt.No.58086<\/h4>\n<p>L\u00e5t frisk luft in i bilen \u00e4ven n\u00e4r den \u00e4r l\u00e5st.<br \/>\nMed v\u00e5r l\u00e5sbara v\u00e4dringskrok f\u00e5r din hund frisk luft via bagageluckan.<br \/>\n<span style=\"color: #ff0000;\"><strong>Observera, anv\u00e4nd aldrig denna v\u00e4dringskrok d\u00e5 bilen \u00e4r ig\u00e5ng!<\/strong><\/span><\/p>\n","protected":false},"featured_media":66256,"template":"","meta":{"_acf_changed":false},"reservdelskompatibilitet":[],"product_brand":[],"product_cat":[45,42,123],"product_tag":[],"class_list":{"0":"post-1531","1":"product","2":"type-product","3":"status-publish","4":"has-post-thumbnail","6":"product_cat-praktiska-tillbehor","7":"product_cat-tillbehor","8":"product_cat-universal","9":"product_shipping_class-accessories","11":"first","12":"instock","13":"taxable","14":"shipping-taxable","15":"purchasable","16":"product-type-simple"},"acf":[],"_links":{"self":[{"href":"https:\/\/www.mimsafe.com\/se\/wp-json\/wp\/v2\/product\/1531","targetHints":{"allow":["GET"]}}],"collection":[{"href":"https:\/\/www.mimsafe.com\/se\/wp-json\/wp\/v2\/product"}],"about":[{"href":"https:\/\/www.mimsafe.com\/se\/wp-json\/wp\/v2\/types\/product"}],"wp:featuredmedia":[{"embeddable":true,"href":"https:\/\/www.mimsafe.com\/se\/wp-json\/wp\/v2\/media\/66256"}],"wp:attachment":[{"href":"https:\/\/www.mimsafe.com\/se\/wp-json\/wp\/v2\/media?parent=1531"}],"wp:term":[{"taxonomy":"reservdelskompatibilitet","embeddable":true,"href":"https:\/\/www.mimsafe.com\/se\/wp-json\/wp\/v2\/reservdelskompatibilitet?post=1531"},{"taxonomy":"product_brand","embeddable":true,"href":"https:\/\/www.mimsafe.com\/se\/wp-json\/wp\/v2\/product_brand?post=1531"},{"taxonomy":"product_cat","embeddable":true,"href":"https:\/\/www.mimsafe.com\/se\/wp-json\/wp\/v2\/product_cat?post=1531"},{"taxonomy":"product_tag","embeddable":true,"href":"https:\/\/www.mimsafe.com\/se\/wp-json\/wp\/v2\/product_tag?post=1531"}],"curies":[{"name":"wp","href":"https:\/\/api.w.org\/{rel}","templated":true}]}}