{"id":67971,"date":"2025-02-17T09:32:46","date_gmt":"2025-02-17T09:32:46","guid":{"rendered":"https:\/\/www.mimsafe.com\/se\/?page_id=67971"},"modified":"2025-02-17T09:32:46","modified_gmt":"2025-02-17T09:32:46","slug":"aterforsaljarregistrering","status":"publish","type":"page","link":"https:\/\/www.mimsafe.com\/se\/aterforsaljarregistrering\/","title":{"rendered":"\u00c5terf\u00f6rs\u00e4ljarregistrering"},"content":{"rendered":"\n<div class=\"wpcf7 no-js\" id=\"wpcf7-f67970-o1\" lang=\"sv-SE\" dir=\"ltr\" data-wpcf7-id=\"67970\">\n<div class=\"screen-reader-response\"><p role=\"status\" aria-live=\"polite\" aria-atomic=\"true\"><\/p> <ul><\/ul><\/div>\n<form action=\"\/se\/wp-json\/wp\/v2\/pages\/67971#wpcf7-f67970-o1\" method=\"post\" class=\"wpcf7-form init\" aria-label=\"Kontaktformul\u00e4r\" novalidate=\"novalidate\" data-status=\"init\">\n<fieldset class=\"hidden-fields-container\"><input type=\"hidden\" name=\"_wpcf7\" value=\"67970\" \/><input type=\"hidden\" name=\"_wpcf7_version\" value=\"6.1.4\" \/><input type=\"hidden\" name=\"_wpcf7_locale\" value=\"sv_SE\" \/><input type=\"hidden\" name=\"_wpcf7_unit_tag\" value=\"wpcf7-f67970-o1\" \/><input type=\"hidden\" name=\"_wpcf7_container_post\" value=\"0\" \/><input type=\"hidden\" name=\"_wpcf7_posted_data_hash\" value=\"\" \/>\n<\/fieldset>\n<p><label> Butiksnamn (obligatorisk)<br \/>\n<span class=\"wpcf7-form-control-wrap\" data-name=\"shop-name\"><input size=\"40\" maxlength=\"400\" class=\"wpcf7-form-control wpcf7-text wpcf7-validates-as-required\" aria-required=\"true\" aria-invalid=\"false\" value=\"\" type=\"text\" name=\"shop-name\" \/><\/span> <\/label>\n<\/p>\n<p><label> Butikens bes\u00f6ksadress (obligatorisk)<br \/>\n<span class=\"wpcf7-form-control-wrap\" data-name=\"shop-address\"><input size=\"40\" maxlength=\"400\" class=\"wpcf7-form-control wpcf7-text wpcf7-validates-as-required\" aria-required=\"true\" aria-invalid=\"false\" value=\"\" type=\"text\" name=\"shop-address\" \/><\/span> <\/label>\n<\/p>\n<p><label> Stad (obligatorisk)<br \/>\n<span class=\"wpcf7-form-control-wrap\" data-name=\"shop-city\"><input size=\"40\" maxlength=\"400\" class=\"wpcf7-form-control wpcf7-text wpcf7-validates-as-required\" aria-required=\"true\" aria-invalid=\"false\" value=\"\" type=\"text\" name=\"shop-city\" \/><\/span> <\/label>\n<\/p>\n<p><label> Postkod (obligatorisk)<br \/>\n<span class=\"wpcf7-form-control-wrap\" data-name=\"shop-postcode\"><input size=\"40\" maxlength=\"400\" class=\"wpcf7-form-control wpcf7-text wpcf7-validates-as-required\" aria-required=\"true\" aria-invalid=\"false\" value=\"\" type=\"text\" name=\"shop-postcode\" \/><\/span> <\/label>\n<\/p>\n<p><label> Land (obligatorisk)<br \/>\n<span class=\"wpcf7-form-control-wrap\" data-name=\"shop-country\"><input size=\"40\" maxlength=\"400\" class=\"wpcf7-form-control wpcf7-text wpcf7-validates-as-required\" aria-required=\"true\" aria-invalid=\"false\" value=\"\" type=\"text\" name=\"shop-country\" \/><\/span> <\/label>\n<\/p>\n<p><label> \u00d6ppetider (obligatorisk)<br \/>\n<span class=\"wpcf7-form-control-wrap\" data-name=\"shop-openinghours\"><input size=\"40\" maxlength=\"400\" class=\"wpcf7-form-control wpcf7-text wpcf7-validates-as-required\" aria-required=\"true\" aria-invalid=\"false\" value=\"\" type=\"text\" name=\"shop-openinghours\" \/><\/span> <\/label>\n<\/p>\n<p><label> Telefonnummer (obligatorisk)<br \/>\n<span class=\"wpcf7-form-control-wrap\" data-name=\"shop-tel\"><input size=\"40\" maxlength=\"400\" class=\"wpcf7-form-control wpcf7-text wpcf7-validates-as-required\" aria-required=\"true\" aria-invalid=\"false\" value=\"\" type=\"text\" name=\"shop-tel\" \/><\/span> <\/label>\n<\/p>\n<p><label> Kontakt e-post (obligatorisk)<br \/>\n<span class=\"wpcf7-form-control-wrap\" data-name=\"shop-email\"><input size=\"40\" maxlength=\"400\" class=\"wpcf7-form-control wpcf7-email wpcf7-validates-as-required wpcf7-text wpcf7-validates-as-email\" aria-required=\"true\" aria-invalid=\"false\" value=\"\" type=\"email\" name=\"shop-email\" \/><\/span> <\/label>\n<\/p>\n<p><label> Webbadress<br \/>\n<span class=\"wpcf7-form-control-wrap\" data-name=\"shop-url\"><input size=\"40\" maxlength=\"400\" class=\"wpcf7-form-control wpcf7-url wpcf7-text wpcf7-validates-as-url\" aria-invalid=\"false\" value=\"\" type=\"url\" name=\"shop-url\" \/><\/span> <\/label>\n<\/p>\n<p>Butiksegenskaper<br \/>\n<span class=\"wpcf7-form-control-wrap\" data-name=\"shop-extras\"><span class=\"wpcf7-form-control wpcf7-checkbox\"><span class=\"wpcf7-list-item first\"><input type=\"checkbox\" name=\"shop-extras[]\" value=\"Erbjuder montering\" \/><span class=\"wpcf7-list-item-label\">Erbjuder montering<\/span><\/span><span class=\"wpcf7-list-item\"><input type=\"checkbox\" name=\"shop-extras[]\" value=\"Har reservdelar\" \/><span class=\"wpcf7-list-item-label\">Har reservdelar<\/span><\/span><span class=\"wpcf7-list-item\"><input type=\"checkbox\" name=\"shop-extras[]\" value=\"Har minst 1st visningsexemplar\" \/><span class=\"wpcf7-list-item-label\">Har minst 1st visningsexemplar<\/span><\/span><span class=\"wpcf7-list-item\"><input type=\"checkbox\" name=\"shop-extras[]\" value=\"Har tillbeh\u00f6r\" \/><span class=\"wpcf7-list-item-label\">Har tillbeh\u00f6r<\/span><\/span><span class=\"wpcf7-list-item\"><input type=\"checkbox\" name=\"shop-extras[]\" value=\"Har minst 6st demoexemplar\" \/><span class=\"wpcf7-list-item-label\">Har minst 6st demoexemplar<\/span><\/span><span class=\"wpcf7-list-item last\"><input type=\"checkbox\" name=\"shop-extras[]\" value=\"Omg\u00e5ende leverans\" \/><span class=\"wpcf7-list-item-label\">Omg\u00e5ende leverans<\/span><\/span><\/span><\/span>\n<\/p>\n<p><label> Leverant\u00f6r - Vem best\u00e4ller ni v\u00e5ra produkter fr\u00e5n? (obligatorisk)<br \/>\n<span class=\"wpcf7-form-control-wrap\" data-name=\"shop-supplier\"><input size=\"40\" maxlength=\"400\" class=\"wpcf7-form-control wpcf7-text wpcf7-validates-as-required\" aria-required=\"true\" aria-invalid=\"false\" value=\"\" type=\"text\" name=\"shop-supplier\" \/><\/span> <\/label>\n<\/p>\n<p><input class=\"wpcf7-form-control wpcf7-submit has-spinner\" type=\"submit\" value=\"Skicka\" \/>\n<\/p><input type='hidden' class='wpcf7-pum' value='{\"closepopup\":false,\"closedelay\":0,\"openpopup\":false,\"openpopup_id\":0}' \/><div class=\"wpcf7-response-output\" aria-hidden=\"true\"><\/div>\n<\/form>\n<\/div>\n\n","protected":false},"excerpt":{"rendered":"Butiksnamn (obligatorisk) Butikens bes\u00f6ksadress (obligatorisk) Stad (obligatorisk) Postkod (obligatorisk) Land (obligatorisk) \u00d6ppetider (obligatorisk) Telefonnummer (obligatorisk) Kontakt e-post (obligatorisk) Webbadress Butiksegenskaper Erbjuder monteringHar reservdelarHar minst 1st visningsexemplarHar tillbeh\u00f6rHar minst 6st demoexemplarOmg\u00e5ende...","protected":false},"author":1,"featured_media":0,"parent":0,"menu_order":0,"comment_status":"closed","ping_status":"closed","template":"","meta":{"_acf_changed":false,"footnotes":""},"class_list":["post-67971","page","type-page","status-publish"],"acf":[],"_links":{"self":[{"href":"https:\/\/www.mimsafe.com\/se\/wp-json\/wp\/v2\/pages\/67971","targetHints":{"allow":["GET"]}}],"collection":[{"href":"https:\/\/www.mimsafe.com\/se\/wp-json\/wp\/v2\/pages"}],"about":[{"href":"https:\/\/www.mimsafe.com\/se\/wp-json\/wp\/v2\/types\/page"}],"author":[{"embeddable":true,"href":"https:\/\/www.mimsafe.com\/se\/wp-json\/wp\/v2\/users\/1"}],"replies":[{"embeddable":true,"href":"https:\/\/www.mimsafe.com\/se\/wp-json\/wp\/v2\/comments?post=67971"}],"version-history":[{"count":1,"href":"https:\/\/www.mimsafe.com\/se\/wp-json\/wp\/v2\/pages\/67971\/revisions"}],"predecessor-version":[{"id":67972,"href":"https:\/\/www.mimsafe.com\/se\/wp-json\/wp\/v2\/pages\/67971\/revisions\/67972"}],"wp:attachment":[{"href":"https:\/\/www.mimsafe.com\/se\/wp-json\/wp\/v2\/media?parent=67971"}],"curies":[{"name":"wp","href":"https:\/\/api.w.org\/{rel}","templated":true}]}}