{"id":67009,"date":"2024-08-12T11:34:18","date_gmt":"2024-08-12T11:34:18","guid":{"rendered":"https:\/\/www.mimsafe.com\/se\/?page_id=67009"},"modified":"2025-08-25T06:53:52","modified_gmt":"2025-08-25T06:53:52","slug":"villkor","status":"publish","type":"page","link":"https:\/\/www.mimsafe.com\/se\/villkor\/","title":{"rendered":"Villkor"},"content":{"rendered":"[vc_row type=&#8221;full_width_content&#8221; full_screen_row_position=&#8221;middle&#8221; column_margin=&#8221;default&#8221; equal_height=&#8221;yes&#8221; content_placement=&#8221;top&#8221; column_direction=&#8221;default&#8221; column_direction_tablet=&#8221;default&#8221; column_direction_phone=&#8221;default&#8221; scene_position=&#8221;center&#8221; text_color=&#8221;dark&#8221; text_align=&#8221;left&#8221; row_border_radius=&#8221;none&#8221; row_border_radius_applies=&#8221;bg&#8221; overflow=&#8221;visible&#8221; overlay_strength=&#8221;0.3&#8243; gradient_direction=&#8221;left_to_right&#8221; shape_divider_position=&#8221;bottom&#8221; bg_image_animation=&#8221;none&#8221; shape_type=&#8221;&#8221;][vc_column column_padding=&#8221;padding-10-percent&#8221; column_padding_tablet=&#8221;inherit&#8221; column_padding_phone=&#8221;inherit&#8221; column_padding_position=&#8221;all&#8221; column_element_direction_desktop=&#8221;default&#8221; column_element_spacing=&#8221;default&#8221; centered_text=&#8221;true&#8221; desktop_text_alignment=&#8221;default&#8221; tablet_text_alignment=&#8221;default&#8221; phone_text_alignment=&#8221;default&#8221; background_color=&#8221;#f7f7f7&#8243; background_color_opacity=&#8221;1&#8243; background_hover_color_opacity=&#8221;1&#8243; column_backdrop_filter=&#8221;none&#8221; column_shadow=&#8221;none&#8221; column_border_radius=&#8221;none&#8221; column_link_target=&#8221;_self&#8221; column_position=&#8221;default&#8221; gradient_direction=&#8221;left_to_right&#8221; overlay_strength=&#8221;0.3&#8243; width=&#8221;1\/2&#8243; tablet_width_inherit=&#8221;default&#8221; animation_type=&#8221;default&#8221; bg_image_animation=&#8221;none&#8221; border_type=&#8221;simple&#8221; column_border_width=&#8221;none&#8221; column_border_style=&#8221;solid&#8221;][vc_column_text css=&#8221;&#8221; text_direction=&#8221;default&#8221;]\n<h1>Villkor f\u00f6r f\u00f6retag och privatpersoner<\/h1>\n[\/vc_column_text][nectar_icon icon_family=&#8221;iconsmind&#8221; icon_style=&#8221;border-animation&#8221; icon_border_thickness=&#8221;2px&#8221; icon_color_type=&#8221;color_scheme&#8221; icon_color=&#8221;extra-color-gradient-1&#8243; icon_padding=&#8221;25px&#8221; pointer_events=&#8221;all&#8221; icon_iconsmind=&#8221;iconsmind-Building&#8221; margin_bottom=&#8221;15&#8243; icon_size=&#8221;40&#8243; url=&#8221;#&#8221;][divider line_type=&#8221;No Line&#8221; custom_height=&#8221;10&#8243;][vc_column_text css=&#8221;&#8221; max_width=&#8221;315&#8243; text_direction=&#8221;default&#8221;]\n<h2>F\u00f6retag och organisationer<\/h2>\n[\/vc_column_text][divider line_type=&#8221;No Line&#8221; custom_height=&#8221;5&#8243;][vc_column_text css=&#8221;.vc_custom_1562738335937{margin-bottom: 40px !important;}&#8221; max_width=&#8221;350&#8243;]<strong>Till\u00e4mplighet<\/strong><\/p>\n<p>Dessa k\u00f6pvillkor \u00e4r till\u00e4mpliga i de fall inget skriftligt direktavtal mellan MIM Construction AB eller k\u00f6pare (f\u00f6retag eller organisation) \u00e4r uppr\u00e4ttat eller att svensk eller annan till\u00e4mplig lag ej f\u00f6reskriver villkor som \u00e4r i konflikt med desamma.[\/vc_column_text][divider line_type=&#8221;No Line&#8221; custom_height=&#8221;10&#8243;][vc_column_text css=&#8221;.vc_custom_1562738354657{margin-bottom: 40px !important;}&#8221; max_width=&#8221;350&#8243;]<strong>Best\u00e4llning<\/strong><\/p>\n<p>Best\u00e4llaren m\u00e5ste vara minst 18 \u00e5r. Best\u00e4llare under 18 \u00e5r m\u00e5ste inh\u00e4mta m\u00e5lsmans tillst\u00e5nd innan k\u00f6pet genomf\u00f6res. Best\u00e4llning som g\u00f6rs i annan persons namn utan dennes medgivande, eller p\u00e5 annat s\u00e4tt som medf\u00f6r att MIM lider ekonomisk skada polisanm\u00e4les.<br \/>\nMIM Construction AB f\u00f6rbeh\u00e5ller sig f\u00f6r tryckfel, fel i information, samt fel i specifikation, p\u00e5 samtliga i MIM:s sortiment f\u00f6rekommande produkter och tj\u00e4nster. All bildinformation skall ses som illustrationer, och kan ej heller garanteras \u00e5terge varans exakta utseende och beskaffenhet.[\/vc_column_text][divider line_type=&#8221;No Line&#8221; custom_height=&#8221;10&#8243;][vc_column_text css=&#8221;.vc_custom_1562738377911{margin-bottom: 40px !important;}&#8221; max_width=&#8221;350&#8243;]<strong>Betalning\/Priser<\/strong><\/p>\n<p>Moms och frakt tillkommer p\u00e5 alla priser. Aktiebolag och organisationer faktureras p\u00e5 30 dagar netto efter godk\u00e4nd kreditpr\u00f6vning. F\u00f6r \u00f6vriga f\u00f6retagsformer sker leverans mot postf\u00f6rskott eller direktbetalning. Vid f\u00f6rsenad betalning debiteras dr\u00f6jsm\u00e5lsr\u00e4nta med 8% per m\u00e5nad fr\u00e5n f\u00f6rfallodagen.<br \/>\nMIM Construction AB reserverar sig f\u00f6r eventuella pris\u00e4ndringar, felaktiga priser och slutf\u00f6rs\u00e4ljning.<br \/>\nI de fall priset p\u00e5 en produkt \u00e4r uppenbart felaktigt s\u00e5 kan detta tvinga MIM att h\u00e4va k\u00f6pet och \u00e5terbetala eventuella inbetalade pengar p\u00e5 b\u00e4sta s\u00e4tt. Detta kan utf\u00f6ras n\u00e4r som helst under aff\u00e4rens g\u00e5ng d\u00e5 felaktigheten uppt\u00e4cks. Orsaken till felet skall tydligt redovisas till kunden i samband med k\u00f6pets h\u00e4vande.[\/vc_column_text][divider line_type=&#8221;No Line&#8221; custom_height=&#8221;10&#8243;][vc_column_text css=&#8221;.vc_custom_1562738399208{margin-bottom: 40px !important;}&#8221; max_width=&#8221;350&#8243;]<strong>Leveranstider &amp; avbest\u00e4llning<\/strong><\/p>\n<p>I fall kunden anser att leverans dr\u00f6jer p\u00e5 s\u00e5dant s\u00e4tt att denne ej l\u00e4ngre \u00f6nskar leverans av best\u00e4llning \u00e4r det kundens ansvar att best\u00e4llningen avbest\u00e4lles i enlighet med MIM:s k\u00f6pvillkor.<br \/>\nAvbest\u00e4llning efter att best\u00e4llning blivit expedierad \u00e4r ej m\u00f6jlig. I de fall best\u00e4llning blivit expedierad \u00e4r kunden skyldig att mottaga f\u00f6rs\u00e4ndelsen. Avbest\u00e4llning av icke lagerf\u00f6rd produkt, vilken k\u00f6pts in speciellt f\u00f6r kunden, \u00e4r ej m\u00f6jlig. Avbest\u00e4llning \u00e4r ej giltig f\u00f6rr\u00e4n kunden f\u00e5tt bekr\u00e4ftelse fr\u00e5n MIM antigen per mail eller p\u00e5 fax.[\/vc_column_text][divider line_type=&#8221;No Line&#8221; custom_height=&#8221;10&#8243;][vc_column_text css=&#8221;.vc_custom_1562738417388{margin-bottom: 40px !important;}&#8221; max_width=&#8221;350&#8243;]<strong>\u00c4gandesr\u00e4ttf\u00f6rbeh\u00e5ll<\/strong><\/p>\n<p>Alla varor f\u00f6rblir MIM:s egendom till dess att full betalning erlagts.[\/vc_column_text][divider line_type=&#8221;No Line&#8221; custom_height=&#8221;10&#8243;][vc_column_text css=&#8221;.vc_custom_1562738436424{margin-bottom: 40px !important;}&#8221; max_width=&#8221;350&#8243;]<strong>Ansvar f\u00f6r fel<\/strong><\/p>\n<p>MIM:s ansvar till f\u00f6ljd av fel i varan \u00e4r begr\u00e4nsad till dessa f\u00f6rs\u00e4ljningsvillkor. MIM b\u00e4r inget direkt eller indirekt ansvar f\u00f6r t ex men ej begr\u00e4nsat till inkompatiblilitet, leveransf\u00f6rseningar, merarbete eller annan ekonomisk skada.[\/vc_column_text][divider line_type=&#8221;No Line&#8221; custom_height=&#8221;10&#8243;][vc_column_text css=&#8221;.vc_custom_1562738461252{margin-bottom: 40px !important;}&#8221; max_width=&#8221;350&#8243;]<strong>Garanti<\/strong><\/p>\n<p>Samtliga varor i v\u00e5rt sortiment omfattas av minst tre \u00e5rs garanti om inget annat anges, med undantag f\u00f6r f\u00f6rbrukningsartiklar.[\/vc_column_text][divider line_type=&#8221;No Line&#8221; custom_height=&#8221;10&#8243;][vc_column_text css=&#8221;.vc_custom_1756104808358{margin-bottom: 40px !important;}&#8221; max_width=&#8221;350&#8243; text_direction=&#8221;default&#8221;]<strong>Reklamation<\/strong><\/p>\n<p>Det \u00e4r l\u00e4mpligt att ankomstkontrollera allt gods f\u00f6r att verifiera att varan \u00e4r felfri och att r\u00e4tt varor har levererats.<br \/>\nVid reklamation skall kund kontakta MIM via mail <a href=\"mailto:info@mimsafe.com\">info@mimsafe.com<\/a><br \/>\nVilken produkt det g\u00e4ller, felbeskrivning, eventuella felmeddelanden, namn, telefonnummer och fakturanummer ska bifogas mailet.<br \/>\nDefekta produkter som returneras till MIM skall behandlas som om de vore felfria. Det \u00e4r vid alla typer av returer ytterst viktigt att produkten f\u00f6rpackas p\u00e5 ett s\u00e5dant s\u00e4tt att den ej riskerar att skadas. Kund betalar f\u00f6r frakt till MIM och vid giltigt retur\u00e4rende betalar MIM returfrakten. MIM f\u00f6rbeh\u00e5ller sig r\u00e4tten att ers\u00e4tta defekt vara med likv\u00e4rdig i de fall d\u00e5 identisk vara ej finns tillg\u00e4nglig.[\/vc_column_text][divider line_type=&#8221;No Line&#8221; custom_height=&#8221;10&#8243;][vc_column_text css=&#8221;.vc_custom_1562738488646{margin-bottom: 40px !important;}&#8221; max_width=&#8221;350&#8243;]<strong>\u00c5terk\u00f6p<\/strong><\/p>\n<p>Vi till\u00e4mpar \u00e5terk\u00f6p f\u00f6r f\u00f6retag. Detta inneb\u00e4r att MIM Construction AB accepterar \u00e5terk\u00f6p inom 14 dagar p\u00e5 en vara som MIM lagerh\u00e5ller och vars originalf\u00f6rpackning ej har brutits, eller p\u00e5 annat s\u00e4tt har skadats. Varor d\u00e4r originalf\u00f6rpackningen f\u00f6rst\u00f6rts, delar saknas och\/eller varan \u00e4r anv\u00e4nd \u00e5terk\u00f6pes ej. MIM f\u00f6rbeh\u00e5ller sig r\u00e4tten att kreditera varan till fakturerat pris.[\/vc_column_text][divider line_type=&#8221;No Line&#8221; custom_height=&#8221;10&#8243;][vc_column_text css=&#8221;.vc_custom_1562738520867{margin-bottom: 40px !important;}&#8221; max_width=&#8221;350&#8243;]<strong>Outl\u00f6st f\u00f6rs\u00e4ndelse<\/strong><\/p>\n<p>F\u00f6r f\u00f6rs\u00e4ndelse som ej l\u00f6ses ut och paketet g\u00e5r i retur till MIM debiteras en avgift om 250:- exkl. moms f\u00f6r att t\u00e4cka MIM:s transport och \u00f6vrig administrativa avgifter.[\/vc_column_text][divider line_type=&#8221;No Line&#8221; custom_height=&#8221;10&#8243;][vc_column_text css=&#8221;.vc_custom_1562738536696{margin-bottom: 40px !important;}&#8221; max_width=&#8221;350&#8243;]<strong>Transportskadat gods<\/strong><\/p>\n<p>Om en vara fr\u00e5n MIM skadas i transporten, oavsett om skadan \u00e4r v\u00e4l synlig eller dold skall detta anm\u00e4las omg\u00e5ende till spedit\u00f6ren dock senast inom 7 dagar.[\/vc_column_text][divider line_type=&#8221;No Line&#8221; custom_height=&#8221;10&#8243;][vc_column_text css=&#8221;.vc_custom_1562738553549{margin-bottom: 40px !important;}&#8221; max_width=&#8221;350&#8243;]<strong>Force Majeure<\/strong><\/p>\n<p>I h\u00e4ndelse av krig, naturkatastrof, strids\u00e5tg\u00e4rder p\u00e5 arbetsmarknaden, myndighets beslut, uteblivna leveranser fr\u00e5n underleverant\u00f6rer, f\u00f6rdyrande omst\u00e4ndigheter, samt d\u00e4rmed j\u00e4mf\u00f6rbar h\u00e4ndelse utanf\u00f6r v\u00e5r kontroll vilken ej sk\u00e4ligen kunnat f\u00f6rutses och p\u00e5verkar ing\u00e5ngna avtal samt utf\u00e4stelser fr\u00e5n MIM:s sida, som g\u00f6r att MIM ej kan h\u00e5lla n\u00e4mnda avtal, skall utg\u00f6ra grund till att MIM befrias fr\u00e5n sina f\u00f6rpliktelser att fullg\u00f6ra n\u00e4mnda avtal.[\/vc_column_text][divider line_type=&#8221;No Line&#8221; custom_height=&#8221;10&#8243;][vc_column_text css=&#8221;.vc_custom_1562738568200{margin-bottom: 40px !important;}&#8221; max_width=&#8221;350&#8243;]<strong>\u00d6vrigt<\/strong><\/p>\n<p>MIM f\u00f6rbeh\u00e5ller sig r\u00e4tten till \u00e4ndring av samtlig information, inklusive, men ej begr\u00e4nsat till<br \/>\npriser, tekniska specifikationer och produkterbjudanden utan f\u00f6reg\u00e5ende avisering.<br \/>\nVid ev. slutf\u00f6rs\u00e4ljning till n\u00e4mnd prisbild eller pga att en vara utg\u00e5r s\u00e5 har MIM r\u00e4tt att h\u00e4va k\u00f6pet och \u00e5terbetala eventuella inbetalda pengar p\u00e5 b\u00e4sta s\u00e4tt. MIM skall ocks\u00e5 meddela kunden om ers\u00e4ttare eller likv\u00e4rdig produkt finns tillg\u00e4ngligt.[\/vc_column_text][\/vc_column][vc_column column_padding=&#8221;padding-10-percent&#8221; column_padding_tablet=&#8221;inherit&#8221; column_padding_phone=&#8221;inherit&#8221; column_padding_position=&#8221;all&#8221; column_element_direction_desktop=&#8221;default&#8221; column_element_spacing=&#8221;default&#8221; centered_text=&#8221;true&#8221; desktop_text_alignment=&#8221;default&#8221; tablet_text_alignment=&#8221;default&#8221; phone_text_alignment=&#8221;default&#8221; background_color=&#8221;#ffffff&#8221; background_color_opacity=&#8221;1&#8243; background_hover_color_opacity=&#8221;1&#8243; column_backdrop_filter=&#8221;none&#8221; column_shadow=&#8221;none&#8221; column_border_radius=&#8221;none&#8221; column_link_target=&#8221;_self&#8221; column_position=&#8221;default&#8221; gradient_direction=&#8221;left_to_right&#8221; overlay_strength=&#8221;0.3&#8243; width=&#8221;1\/2&#8243; tablet_width_inherit=&#8221;default&#8221; animation_type=&#8221;default&#8221; bg_image_animation=&#8221;none&#8221; border_type=&#8221;simple&#8221; column_border_width=&#8221;none&#8221; column_border_style=&#8221;solid&#8221;][vc_column_text css=&#8221;&#8221; text_direction=&#8221;default&#8221;][\/vc_column_text][nectar_icon icon_family=&#8221;iconsmind&#8221; icon_style=&#8221;border-animation&#8221; icon_border_thickness=&#8221;2px&#8221; icon_color_type=&#8221;color_scheme&#8221; icon_color=&#8221;extra-color-gradient-1&#8243; icon_padding=&#8221;25px&#8221; pointer_events=&#8221;all&#8221; icon_iconsmind=&#8221;iconsmind-Home&#8221; margin_bottom=&#8221;15&#8243; icon_size=&#8221;40&#8243; url=&#8221;#&#8221;][divider line_type=&#8221;No Line&#8221; custom_height=&#8221;10&#8243;][vc_column_text css=&#8221;&#8221; max_width=&#8221;315&#8243; text_direction=&#8221;default&#8221;]\n<h2>Privatkonsumenter<\/h2>\n[\/vc_column_text][divider line_type=&#8221;No Line&#8221; custom_height=&#8221;5&#8243;][vc_column_text css=&#8221;.vc_custom_1562738629453{margin-bottom: 40px !important;}&#8221; max_width=&#8221;350&#8243;]<strong>Till\u00e4mplighet<\/strong><\/p>\n<p>Dessa k\u00f6pvillkor \u00e4r till\u00e4mpliga i fall svensk eller annan till\u00e4mplig lag ej f\u00f6reskriver villkor som \u00e4r i konflikt med desamma. F\u00f6r privatkonsumenter g\u00e4ller konsumentk\u00f6plagen samt distansavtalslagen.[\/vc_column_text][divider line_type=&#8221;No Line&#8221; custom_height=&#8221;10&#8243;][vc_column_text css=&#8221;.vc_custom_1562738647545{margin-bottom: 40px !important;}&#8221; max_width=&#8221;350&#8243;]<strong>Best\u00e4llning<\/strong><\/p>\n<p>Vid de fallen best\u00e4llaren \u00e4r under 18 \u00e5r s\u00e5 m\u00e5ste m\u00e5lsmans tillst\u00e5nd inh\u00e4mtas f\u00f6re k\u00f6pets genomf\u00f6rande. Vid best\u00e4llning p\u00e5 kredit g\u00f6rs en sedvanlig kreditpr\u00f6vning och best\u00e4llaren m\u00e5ste vara minst 18 \u00e5r. Best\u00e4llning som g\u00f6rs i annan persons namn utan dennes medgivande, eller p\u00e5 annat s\u00e4tt som medf\u00f6r att MIM lider ekonomisk skada polisanm\u00e4les. MIM f\u00f6rbeh\u00e5ller sig f\u00f6r tryckfel, fel i information, samt fel i specifikation, p\u00e5 samtliga i MIM:s sortiment f\u00f6rekommande produkter och tj\u00e4nster. All bildinformation skall ses som illustrationer, och kan ej heller garanteras \u00e5terge varans exakta utseende och beskaffenhet.[\/vc_column_text][divider line_type=&#8221;No Line&#8221; custom_height=&#8221;10&#8243;][vc_column_text css=&#8221;.vc_custom_1562738668987{margin-bottom: 40px !important;}&#8221; max_width=&#8221;350&#8243;]<strong>Betalning\/Priser<\/strong><\/p>\n<p>Moms och frakt tillkommer p\u00e5 alla priser. Leverans sker mot postf\u00f6rskott alternativt direktbetalning.<br \/>\nVid f\u00f6rsenad betalning debiteras dr\u00f6jsm\u00e5lsr\u00e4nta med 8% per m\u00e5nad fr\u00e5n f\u00f6rfallodagen. MIM reserverar sig f\u00f6r eventuella pris\u00e4ndringar, felaktiga priser och slutf\u00f6rs\u00e4ljning. I de fall priset p\u00e5 en produkt \u00e4r uppenbart felaktigt s\u00e5 kan detta tvinga MIM att h\u00e4va k\u00f6pet och \u00e5terbetala eventuella inbetalade pengar p\u00e5 b\u00e4sta s\u00e4tt. Detta kan utf\u00f6ras n\u00e4r som helst under aff\u00e4rens g\u00e5ng d\u00e5 felaktigheten uppt\u00e4cks. Orsaken till felet skall tydligt redovisas till kunden i samband med k\u00f6pets h\u00e4vande.[\/vc_column_text][divider line_type=&#8221;No Line&#8221; custom_height=&#8221;10&#8243;][vc_column_text css=&#8221;.vc_custom_1562738690880{margin-bottom: 40px !important;}&#8221; max_width=&#8221;350&#8243;]<strong>Leveranstider &amp; avbest\u00e4llning<\/strong><\/p>\n<p>I fall kunden anser att leverans dr\u00f6jer p\u00e5 s\u00e5dant s\u00e4tt att denne ej l\u00e4ngre \u00f6nskar leverans av best\u00e4lld vara \u00e4r det kundens ansvar att best\u00e4llningen avbest\u00e4lles i enlighet med MIM:s k\u00f6pvillkor.<br \/>\nAvbest\u00e4llning efter att best\u00e4llning blivit expedierad \u00e4r ej m\u00f6jlig. I de fall best\u00e4llning blivit expedierad \u00e4r kunden skyldig att mottaga f\u00f6rs\u00e4ndelsen. Avbest\u00e4llning av icke lagerf\u00f6rd produkt, vilken k\u00f6pts in speciellt f\u00f6r kunden, \u00e4r ej m\u00f6jlig. Avbest\u00e4llning \u00e4r ej giltig f\u00f6rr\u00e4n kunden f\u00e5tt bekr\u00e4ftelse fr\u00e5n MIM antigen per mail eller p\u00e5 fax.[\/vc_column_text][divider line_type=&#8221;No Line&#8221; custom_height=&#8221;10&#8243;][vc_column_text css=&#8221;.vc_custom_1562738710523{margin-bottom: 40px !important;}&#8221; max_width=&#8221;350&#8243;]<strong>\u00c4gandesr\u00e4ttf\u00f6rbeh\u00e5ll<\/strong><\/p>\n<p>Alla varor f\u00f6rblir MIM:s egendom till dess att full betalning erlagts.[\/vc_column_text][divider line_type=&#8221;No Line&#8221; custom_height=&#8221;10&#8243;][vc_column_text css=&#8221;.vc_custom_1562738731618{margin-bottom: 40px !important;}&#8221; max_width=&#8221;350&#8243;]<strong>Ansvar f\u00f6r fel<\/strong><\/p>\n<p>MIM:s ansvar till f\u00f6ljd av fel i varan \u00e4r begr\u00e4nsad till dessa f\u00f6rs\u00e4ljningsvillkor. MIM b\u00e4r inget direkt eller indirekt ansvar f\u00f6r t ex men ej begr\u00e4nsat till inkompatiblilitet, leveransf\u00f6rseningar, merarbete eller annan ekonomisk skada.[\/vc_column_text][divider line_type=&#8221;No Line&#8221; custom_height=&#8221;10&#8243;][vc_column_text css=&#8221;.vc_custom_1562738753261{margin-bottom: 40px !important;}&#8221; max_width=&#8221;350&#8243;]<strong>Garanti<\/strong><\/p>\n<p>Samtliga varor i v\u00e5rt sortiment omfattas av minst ett \u00e5rs garanti om inget annat anges, med undantag f\u00f6r f\u00f6rbrukningsartiklar. I de fall tillverkaren tillhandh\u00e5ller l\u00e4ngre garantitid \u00e4n ett \u00e5r omfattas varan utav densamma men garantianspr\u00e5k skall efter f\u00f6rsta \u00e5rets utg\u00e5ng hemst\u00e4llas denna tillverkare. I vissa fall skall garantianspr\u00e5k hemst\u00e4llas tillverkaren redan under \u00e5r ett. MIM l\u00e4mnar inga ytterligare garantier ut\u00f6ver den av tillverkaren specificerade.[\/vc_column_text][divider line_type=&#8221;No Line&#8221; custom_height=&#8221;10&#8243;][vc_column_text css=&#8221;.vc_custom_1756104827476{margin-bottom: 40px !important;}&#8221; max_width=&#8221;350&#8243; text_direction=&#8221;default&#8221;]<strong>Reklamation<\/strong><\/p>\n<p>Det \u00e4r l\u00e4mpligt att ankomstkontrollera allt gods f\u00f6r att verifiera att varan \u00e4r felfri och att r\u00e4tt varor har levererats.<br \/>\nVid reklamation skall kund kontakta MIM via mail <a href=\"mailto:info@mimsafe.com\">info@mimsafe.com<\/a><br \/>\nVilken produkt det g\u00e4ller, felbeskrivning, eventuella felmeddelanden, namn, telefonnummer och fakturanummer ska bifogas mailet.<br \/>\nDefekta produkter som returneras till MIM skall behandlas som om de vore felfria. Det \u00e4r vid alla typer av returer ytterst viktigt att produkten f\u00f6rpackas p\u00e5 ett s\u00e5dant s\u00e4tt att den ej riskerar att skadas. Kund betalar f\u00f6r frakt till MIM och vid giltigt retur\u00e4rende betalar MIM returfrakten. MIM f\u00f6rbeh\u00e5ller sig r\u00e4tten att ers\u00e4tta defekt vara med likv\u00e4rdig i de fall d\u00e5 identisk vara ej finns tillg\u00e4nglig.[\/vc_column_text][divider line_type=&#8221;No Line&#8221; custom_height=&#8221;10&#8243;][vc_column_text css=&#8221;.vc_custom_1562738803010{margin-bottom: 40px !important;}&#8221; max_width=&#8221;350&#8243;]<strong>\u00c5ngerr\u00e4tt<\/strong><\/p>\n<p>Privatkonsument har i vissa fall r\u00e4tt att \u00e5ngra k\u00f6pet inom 14 dagar enligt distansavtalslagen. \u00c5ngerr\u00e4tten g\u00e4ller dock inte d\u00e5 f\u00f6rpackningarna brutits och produkterna monterats.<br \/>\n\u00c5ngerr\u00e4tten g\u00e4ller enligt n\u00e4mnda lag endast om varan och dess originalf\u00f6rpackning kan \u00e5terl\u00e4mnas i v\u00e4sentligen of\u00f6r\u00e4ndrat skick. Varan f\u00e5r ej vara anv\u00e4nd. Vill konsument utnyttja sin \u00e5ngerr\u00e4tt skall denna kontakta MIM. Returfrakten bekostas av konsumenten.[\/vc_column_text][divider line_type=&#8221;No Line&#8221; custom_height=&#8221;10&#8243;][vc_column_text css=&#8221;.vc_custom_1562738830000{margin-bottom: 40px !important;}&#8221; max_width=&#8221;350&#8243;]<strong>Outl\u00f6st f\u00f6rs\u00e4ndelse<\/strong><\/p>\n<p>F\u00f6r f\u00f6rs\u00e4ndelse som ej l\u00f6ses ut och paketet g\u00e5r i retur till MIM debiteras en avgift om 250:- exkl. moms f\u00f6r att t\u00e4cka MIM:s transport och \u00f6vrig administrativa avgifter.[\/vc_column_text][divider line_type=&#8221;No Line&#8221; custom_height=&#8221;10&#8243;][vc_column_text css=&#8221;.vc_custom_1562738849621{margin-bottom: 40px !important;}&#8221; max_width=&#8221;350&#8243;]<strong>Transportskadat gods<\/strong><\/p>\n<p>Om en vara fr\u00e5n MIM skadas i transporten, oavsett om skadan \u00e4r v\u00e4l synlig eller dold skall detta anm\u00e4las omg\u00e5ende till spedit\u00f6ren dock senast inom 7 dagar.[\/vc_column_text][divider line_type=&#8221;No Line&#8221; custom_height=&#8221;10&#8243;][vc_column_text css=&#8221;.vc_custom_1562738874743{margin-bottom: 40px !important;}&#8221; max_width=&#8221;350&#8243;]<strong>Force Majeure<\/strong><\/p>\n<p>I h\u00e4ndelse av krig, naturkatastrof, strids\u00e5tg\u00e4rder p\u00e5 arbetsmarknaden, myndighets beslut, uteblivna leveranser fr\u00e5n underleverant\u00f6rer, f\u00f6rdyrande omst\u00e4ndigheter, samt d\u00e4rmed j\u00e4mf\u00f6rbar h\u00e4ndelse utanf\u00f6r v\u00e5r kontroll vilken ej sk\u00e4ligen kunnat f\u00f6rutses och p\u00e5verkar ing\u00e5ngna avtal samt utf\u00e4stelser fr\u00e5n MIM:s sida, som g\u00f6r att MIM ej kan h\u00e5lla n\u00e4mnda avtal, skall utg\u00f6ra grund till att MIM befrias fr\u00e5n sina f\u00f6rpliktelser att fullg\u00f6ra n\u00e4mnda avtal.[\/vc_column_text][divider line_type=&#8221;No Line&#8221; custom_height=&#8221;10&#8243;][vc_column_text css=&#8221;.vc_custom_1562738900450{margin-bottom: 40px !important;}&#8221; max_width=&#8221;350&#8243;]<strong>\u00d6vrigt<\/strong><\/p>\n<p>MIM f\u00f6rbeh\u00e5ller sig r\u00e4tten till \u00e4ndring av samtlig information, inklusive, men ej begr\u00e4nsat till priser, tekniska specifikationer och produkterbjudanden utan f\u00f6reg\u00e5ende avisering.<br \/>\nVid ev. slutf\u00f6rs\u00e4ljning till n\u00e4mnd prisbild eller pga att en vara utg\u00e5r s\u00e5 har MIM r\u00e4tt att h\u00e4va k\u00f6pet och \u00e5terbetala eventuella inbetalda pengar p\u00e5 b\u00e4sta s\u00e4tt. MIM skall ocks\u00e5 meddela kunden om ers\u00e4ttare eller likv\u00e4rdig produkt finns tillg\u00e4ngligt<\/p>\n<p>Om MIM:s produkter k\u00f6pt via en av MIM:s \u00e5terf\u00f6rs\u00e4ljare g\u00e4ller konsumentk\u00f6plagen eller avtal via \u00e5terf\u00f6rs\u00e4ljaren och \u00e4renden om \u00e5ngerr\u00e4tt, \u00e5terk\u00f6p garantier m.m. ska ske via dem.[\/vc_column_text][\/vc_column][\/vc_row]\n","protected":false},"excerpt":{"rendered":"<p>[vc_row type=&#8221;full_width_content&#8221; full_screen_row_position=&#8221;middle&#8221; column_margin=&#8221;default&#8221; equal_height=&#8221;yes&#8221; content_placement=&#8221;top&#8221; column_direction=&#8221;default&#8221; column_direction_tablet=&#8221;default&#8221; column_direction_phone=&#8221;default&#8221; scene_position=&#8221;center&#8221; text_color=&#8221;dark&#8221; text_align=&#8221;left&#8221; row_border_radius=&#8221;none&#8221; row_border_radius_applies=&#8221;bg&#8221; overflow=&#8221;visible&#8221; overlay_strength=&#8221;0.3&#8243; gradient_direction=&#8221;left_to_right&#8221; shape_divider_position=&#8221;bottom&#8221; bg_image_animation=&#8221;none&#8221; shape_type=&#8221;&#8221;][vc_column column_padding=&#8221;padding-10-percent&#8221; column_padding_tablet=&#8221;inherit&#8221; column_padding_phone=&#8221;inherit&#8221; column_padding_position=&#8221;all&#8221; column_element_direction_desktop=&#8221;default&#8221; column_element_spacing=&#8221;default&#8221; centered_text=&#8221;true&#8221; desktop_text_alignment=&#8221;default&#8221; tablet_text_alignment=&#8221;default&#8221; phone_text_alignment=&#8221;default&#8221;&#8230;<\/p>\n","protected":false},"author":1,"featured_media":0,"parent":0,"menu_order":0,"comment_status":"closed","ping_status":"closed","template":"","meta":{"_acf_changed":false,"footnotes":""},"class_list":["post-67009","page","type-page","status-publish"],"acf":[],"_links":{"self":[{"href":"https:\/\/www.mimsafe.com\/se\/wp-json\/wp\/v2\/pages\/67009","targetHints":{"allow":["GET"]}}],"collection":[{"href":"https:\/\/www.mimsafe.com\/se\/wp-json\/wp\/v2\/pages"}],"about":[{"href":"https:\/\/www.mimsafe.com\/se\/wp-json\/wp\/v2\/types\/page"}],"author":[{"embeddable":true,"href":"https:\/\/www.mimsafe.com\/se\/wp-json\/wp\/v2\/users\/1"}],"replies":[{"embeddable":true,"href":"https:\/\/www.mimsafe.com\/se\/wp-json\/wp\/v2\/comments?post=67009"}],"version-history":[{"count":5,"href":"https:\/\/www.mimsafe.com\/se\/wp-json\/wp\/v2\/pages\/67009\/revisions"}],"predecessor-version":[{"id":69676,"href":"https:\/\/www.mimsafe.com\/se\/wp-json\/wp\/v2\/pages\/67009\/revisions\/69676"}],"wp:attachment":[{"href":"https:\/\/www.mimsafe.com\/se\/wp-json\/wp\/v2\/media?parent=67009"}],"curies":[{"name":"wp","href":"https:\/\/api.w.org\/{rel}","templated":true}]}}